{"id":3757,"date":"2021-05-02T06:36:29","date_gmt":"2021-05-02T04:36:29","guid":{"rendered":"https:\/\/truffis.com\/%d8%a7%d9%84%d9%85%d8%af%d9%88%d9%86%d8%a9\/"},"modified":"2022-12-01T15:47:32","modified_gmt":"2022-12-01T14:47:32","slug":"%d8%a7%d9%84%d9%85%d8%af%d9%88%d9%86%d8%a9","status":"publish","type":"page","link":"https:\/\/truffis.com\/ar\/%d8%a7%d9%84%d9%85%d8%af%d9%88%d9%86%d8%a9\/","title":{"rendered":"\u0627\u0644\u0645\u062f\u0648\u0646\u0629"},"content":{"rendered":"\t\t<div data-elementor-type=\"wp-page\" data-elementor-id=\"3757\" class=\"elementor elementor-3757\">\n\t\t\t\t\t\t<div class=\"elementor-inner\">\n\t\t\t\t<div class=\"elementor-section-wrap\">\n\t\t\t\t\t\t\t\t\t<section class=\"elementor-section elementor-top-section elementor-element elementor-element-143a5cf elementor-section-boxed elementor-section-height-default elementor-section-height-default\" data-id=\"143a5cf\" data-element_type=\"section\" data-settings=\"{&quot;background_background&quot;:&quot;classic&quot;}\">\n\t\t\t\t\t\t<div class=\"elementor-container elementor-column-gap-default\">\n\t\t\t\t\t\t\t<div class=\"elementor-row\">\n\t\t\t\t\t<div class=\"elementor-column elementor-col-100 elementor-top-column elementor-element elementor-element-815636d\" data-id=\"815636d\" data-element_type=\"column\">\n\t\t\t<div class=\"elementor-column-wrap elementor-element-populated\">\n\t\t\t\t\t\t\t<div class=\"elementor-widget-wrap\">\n\t\t\t\t\t\t<div class=\"elementor-element elementor-element-e46e19d elementor-widget elementor-widget-text-editor\" data-id=\"e46e19d\" data-element_type=\"widget\" data-widget_type=\"text-editor.default\">\n\t\t\t\t<div class=\"elementor-widget-container\">\n\t\t\t\t\t\t\t\t<div class=\"elementor-text-editor elementor-clearfix\">\n\t\t\t\t<p style=\"text-align: center;\">\u0645\u062f\u0648\u0646\u062a\u0646\u0627<\/p>\n\t\t\t\t\t<\/div>\n\t\t\t\t\t\t<\/div>\n\t\t\t\t<\/div>\n\t\t\t\t\t\t<\/div>\n\t\t\t\t\t<\/div>\n\t\t<\/div>\n\t\t\t\t\t\t\t\t<\/div>\n\t\t\t\t\t<\/div>\n\t\t<\/section>\n\t\t\t\t<section class=\"elementor-section elementor-top-section elementor-element elementor-element-e4cfb05 elementor-section-boxed elementor-section-height-default elementor-section-height-default\" data-id=\"e4cfb05\" data-element_type=\"section\" data-settings=\"{&quot;background_background&quot;:&quot;classic&quot;}\">\n\t\t\t\t\t\t<div class=\"elementor-container elementor-column-gap-default\">\n\t\t\t\t\t\t\t<div class=\"elementor-row\">\n\t\t\t\t\t<div class=\"elementor-column elementor-col-100 elementor-top-column elementor-element elementor-element-899eef0\" data-id=\"899eef0\" data-element_type=\"column\">\n\t\t\t<div class=\"elementor-column-wrap elementor-element-populated\">\n\t\t\t\t\t\t\t<div class=\"elementor-widget-wrap\">\n\t\t\t\t\t\t<div class=\"elementor-element elementor-element-2ffb62f elementor-widget elementor-widget-tp-blog-listout\" data-id=\"2ffb62f\" data-element_type=\"widget\" data-widget_type=\"tp-blog-listout.default\">\n\t\t\t\t<div class=\"elementor-widget-container\">\n\t\t\t<div id=\"pt-plus-blog-post-list\" class=\"blog-list post69db6ec65cd7a  list-isotope-metro  blog-style-1 hover-image-style-1  \"  data-layout-type=\"metro\"  data-metro-columns=\"3\"  data-metro-style=\"style-1\"  data-tablet-metro-columns=\"3\"  data-tablet-metro-style=\"style-1\"   data-id=\"post69db6ec65cd7a\" data-style=\"style-1\"  data-enable-isotope=\"1\"><div id=\"post69db6ec65cd7a\" class=\"tp-row post-inner-loop post69db6ec65cd7a   \"><div class=\"grid-item metro-item1 tb-metro-item1     \"><article id=\"post-3810\" class=\"post-3810 post type-post status-publish format-standard has-post-thumbnail hentry category-79\">\n\t<div class=\"blog-list-content\">\n\t\t\t\t<div class=\"post-content-bottom\">\n\t\t\t\t\t\t<h3 class=\"post-title\">\r\n\t<a href=\"https:\/\/truffis.com\/ar\/%d9%83%d9%8a%d9%81-%d8%aa%d8%b3%d8%aa%d8%ab%d9%85%d8%b1-%d9%85%d8%b9-truffis\/\" class=\"normal\">\u0643\u064a\u0641 \u062a\u0633\u062a\u062b\u0645\u0631 \u0645\u0639 Truffis<\/a>\r\n<\/h3>\t\t\t<div class=\"post-hover-content\">\n\t\t\t\t<div class=\"entry-content\">\r\n\t<p>\u0643\u064a\u0641 \u062a\u0633\u062a\u062b\u0645\u0631 \u0645\u0639 Truffis Pr\u00e9c\u00e9dent Suivant \u0645\u0648\u062c\u0632 1 &#8211; \u0644\u0645 \u064a\u0643\u0646 \u0627\u0644\u0627\u0633\u062a\u062b\u0645\u0627\u0631 \u0628\u0647\u0630\u0647 \u0627\u0644\u0633\u0647\u0648\u0644\u0629 \u0648\u0627\u0644\u0633\u0647\u0648\u0644\u0629 \u0645\u0646 \u0642\u0628\u0644 2 &#8211; \u0645\u0639 Truffis \u0644\u062f\u064a\u0643 225\u066a \u0631\u0628\u062d\u064a\u0629 3 &#8211; \u0623\u0646\u0648\u0627\u0639 \u0627\u0644\u0627\u0633\u062a\u062b\u0645\u0627\u0631\u0627\u062a 4...<\/p>\r\n<\/div>\t\t\t<\/div>\n\t\t<\/div>\n\t\t\t\t<a href=\"https:\/\/truffis.com\/ar\/%d9%83%d9%8a%d9%81-%d8%aa%d8%b3%d8%aa%d8%ab%d9%85%d8%b1-%d9%85%d8%b9-truffis\/\"><div class=\"blog-bg-image-metro \" style=\"background:url(https:\/\/truffis.com\/wp-content\/uploads\/2022\/05\/74D54114-6382-4884-8111-C29A14B93BEF.jpeg) #f7f7f7;\"><\/div><\/a>\n\t\t\t<\/div>\n<\/article><\/div><div class=\"grid-item metro-item2 tb-metro-item2     \"><article id=\"post-3884\" class=\"post-3884 post type-post status-publish format-standard has-post-thumbnail hentry category-91 category-99\">\n\t<div class=\"blog-list-content\">\n\t\t\t\t<div class=\"post-content-bottom\">\n\t\t\t\t\t\t<h3 class=\"post-title\">\r\n\t<a href=\"https:\/\/truffis.com\/ar\/%d8%a7%d9%84%d9%83%d9%85%d8%a3%d8%a9-%d8%a7%d9%84%d8%a8%d9%8a%d8%b6%d8%a7%d8%a1-%d9%81%d9%8a-%d9%81%d9%86-%d8%a7%d9%84%d8%b7%d9%87%d9%88\/\" class=\"normal\">\u0627\u0644\u0643\u0645\u0623\u0629 \u0627\u0644\u0628\u064a\u0636\u0627\u0621 \u0641\u064a \u0641\u0646 \u0627\u0644\u0637\u0647\u0648<\/a>\r\n<\/h3>\t\t\t<div class=\"post-hover-content\">\n\t\t\t\t<div class=\"entry-content\">\r\n\t<p>\u0627\u0644\u0643\u0645\u0623\u0629 \u0627\u0644\u0628\u064a\u0636\u0627\u0621 \u0641\u064a \u0641\u0646 \u0627\u0644\u0637\u0647\u0648 Pr\u00e9c\u00e9dent Suivant \u0627\u0644\u0643\u0645\u0623\u0629 \u0627\u0644\u0628\u064a\u0636\u0627\u0621 \u0641\u064a \u0627\u0644\u0645\u0637\u0628\u062e \u064a\u0648\u0627\u062c\u0647 \u0623\u0635\u062d\u0627\u0628 \u0627\u0644\u0645\u0637\u0627\u0639\u0645 \u0635\u0639\u0648\u0628\u0629 \u0641\u064a \u0627\u0644\u062d\u0635\u0648\u0644 \u0639\u0644\u0649 \u0643\u0645\u0623 \u0639\u0627\u0644\u064a \u0627\u0644\u062c\u0648\u062f\u0629. \u0645\u0639 Truffis \u060c \u0633\u064a\u062a\u0645\u0643\u0646 \u0627\u0644\u0637\u0647\u0627\u0629 \u0645\u0646 \u0627\u0644\u0627\u0633\u062a\u062b\u0645\u0627\u0631 \u0641\u064a...<\/p>\r\n<\/div>\t\t\t<\/div>\n\t\t<\/div>\n\t\t\t\t<a href=\"https:\/\/truffis.com\/ar\/%d8%a7%d9%84%d9%83%d9%85%d8%a3%d8%a9-%d8%a7%d9%84%d8%a8%d9%8a%d8%b6%d8%a7%d8%a1-%d9%81%d9%8a-%d9%81%d9%86-%d8%a7%d9%84%d8%b7%d9%87%d9%88\/\"><div class=\"blog-bg-image-metro \" style=\"background:url(https:\/\/truffis.com\/wp-content\/uploads\/2022\/05\/Truffe-cadeau.jpg) #f7f7f7;\"><\/div><\/a>\n\t\t\t<\/div>\n<\/article><\/div><div class=\"grid-item metro-item3 tb-metro-item3     \"><article id=\"post-3903\" class=\"post-3903 post type-post status-publish format-standard has-post-thumbnail hentry category-91 category-79 category-92\">\n\t<div class=\"blog-list-content\">\n\t\t\t\t<div class=\"post-content-bottom\">\n\t\t\t\t\t\t<h3 class=\"post-title\">\r\n\t<a href=\"https:\/\/truffis.com\/ar\/%d8%b1%d8%a7%d9%87%d9%86-%d8%b9%d9%84%d9%89-%d8%a7%d9%84%d9%83%d9%85%d8%a3-%d8%b9%d8%a7%d9%84%d9%8a-%d8%a7%d9%84%d8%ac%d9%88%d8%af%d8%a9-%d9%85%d8%b9-%d8%b9%d8%a7%d8%a6%d8%af-9-%d8%b3%d9%86%d9%88\/\" class=\"normal\">\u0631\u0627\u0647\u0646 \u0639\u0644\u0649 \u0627\u0644\u0643\u0645\u0623 \u0639\u0627\u0644\u064a \u0627\u0644\u062c\u0648\u062f\u0629 \u0645\u0639 \u0639\u0627\u0626\u062f 9 \u0633\u0646\u0648\u0627\u062a 225\u066a<\/a>\r\n<\/h3>\t\t\t<div class=\"post-hover-content\">\n\t\t\t\t<div class=\"entry-content\">\r\n\t<p>\u0631\u0627\u0647\u0646 \u0639\u0644\u0649 \u0627\u0644\u0643\u0645\u0623 \u0639\u0627\u0644\u064a \u0627\u0644\u062c\u0648\u062f\u0629 \u0645\u0639 \u0639\u0627\u0626\u062f 9 \u0633\u0646\u0648\u0627\u062a225\u066a Pr\u00e9c\u00e9dent Suivant \u0645\u0648\u062c\u0632 1 \u0627\u0644\u0645\u0642\u062f\u0645\u0629 2 &#8211; \u0645\u0642\u0627\u0631\u0628\u0629 \u0639\u0627\u0644\u0645\u064a\u0629 \u0645\u0642\u062f\u0645\u0629 \u0627\u0644\u0643\u0645\u0623\u0629 \u0627\u0644\u0628\u064a\u0636\u0627\u0621 \u0647\u064a \u0646\u062a\u064a\u062c\u0629 \u0646\u0628\u062a\u0629 \u062a\u0633\u0645\u0649 \u0627\u0644\u0641\u0637\u0631\u064a\u0627\u062a \u060c \u0648\u0627\u0644\u062a\u064a \u0628\u062f\u0648\u0631\u0647\u0627...<\/p>\r\n<\/div>\t\t\t<\/div>\n\t\t<\/div>\n\t\t\t\t<a href=\"https:\/\/truffis.com\/ar\/%d8%b1%d8%a7%d9%87%d9%86-%d8%b9%d9%84%d9%89-%d8%a7%d9%84%d9%83%d9%85%d8%a3-%d8%b9%d8%a7%d9%84%d9%8a-%d8%a7%d9%84%d8%ac%d9%88%d8%af%d8%a9-%d9%85%d8%b9-%d8%b9%d8%a7%d8%a6%d8%af-9-%d8%b3%d9%86%d9%88\/\"><div class=\"blog-bg-image-metro \" style=\"background:url(https:\/\/truffis.com\/wp-content\/uploads\/2022\/05\/Truffe-traditionnelle-.jpg) #f7f7f7;\"><\/div><\/a>\n\t\t\t<\/div>\n<\/article><\/div><div class=\"grid-item metro-item4 tb-metro-item4     \"><article id=\"post-3826\" class=\"post-3826 post type-post status-publish format-standard has-post-thumbnail hentry category-91 category-79 category-92\">\n\t<div class=\"blog-list-content\">\n\t\t\t\t<div class=\"post-content-bottom\">\n\t\t\t\t\t\t<h3 class=\"post-title\">\r\n\t<a href=\"https:\/\/truffis.com\/ar\/%d8%ad%d9%88%d9%84-%d8%a7%d9%84%d9%83%d9%85%d8%a3-%d8%a5%d9%84%d9%89-%d8%b0%d9%87%d8%a8\/\" class=\"normal\">\u062d\u0648\u0644 \u0627\u0644\u0643\u0645\u0623 \u0625\u0644\u0649 \u0630\u0647\u0628<\/a>\r\n<\/h3>\t\t\t<div class=\"post-hover-content\">\n\t\t\t\t<div class=\"entry-content\">\r\n\t<p>\u062d\u0648\u0651\u0644 \u0627\u0644\u0643\u0645\u0623 \u0625\u0644\u0649 \u0630\u0647\u0628 Pr\u00e9c\u00e9dent Suivant \u0645\u0648\u062c\u0632 1 &#8211; \u0627\u0644\u0643\u0645\u0623\u0629 \u0645\u0648\u0636\u0648\u0639 \u062d\u062f\u064a\u062b 2 &#8211; \u0644\u0645\u0627\u0630\u0627 \u0647\u0648 \u0645\u0646\u062a\u062c \u0645\u0631\u0645\u0648\u0642\u061f 3 &#8211; \u0627\u0644\u0627\u0633\u062a\u062b\u0645\u0627\u0631 \u0641\u064a \u0627\u0644\u0643\u0645\u0623 \u0627\u0644\u0623\u0628\u064a\u0636\u061f \u0627\u0644\u0643\u0645\u0623\u0629 \u060c \u0645\u0648\u0636\u0648\u0639 \u062d\u062f\u064a\u062b \u0627\u0644\u0643\u0645\u0623...<\/p>\r\n<\/div>\t\t\t<\/div>\n\t\t<\/div>\n\t\t\t\t<a href=\"https:\/\/truffis.com\/ar\/%d8%ad%d9%88%d9%84-%d8%a7%d9%84%d9%83%d9%85%d8%a3-%d8%a5%d9%84%d9%89-%d8%b0%d9%87%d8%a8\/\"><div class=\"blog-bg-image-metro \" style=\"background:url(https:\/\/truffis.com\/wp-content\/uploads\/2022\/05\/Premiere-qualite-truffes-1-2.jpg) #f7f7f7;\"><\/div><\/a>\n\t\t\t<\/div>\n<\/article><\/div><\/div><\/div>\t\t<\/div>\n\t\t\t\t<\/div>\n\t\t\t\t\t\t<\/div>\n\t\t\t\t\t<\/div>\n\t\t<\/div>\n\t\t\t\t\t\t\t\t<\/div>\n\t\t\t\t\t<\/div>\n\t\t<\/section>\n\t\t\t\t\t\t\t\t\t<\/div>\n\t\t\t<\/div>\n\t\t\t\t\t<\/div>\n\t\t","protected":false},"excerpt":{"rendered":"<p>\u0645\u062f\u0648\u0646\u062a\u0646\u0627 Comment investir avec Truffis Comment investir avec Truffis Pr\u00e9c\u00e9dent Suivant Sommaire 1 &#8211;\u00a0Investir n\u2019a jamais \u00e9t\u00e9 aussi facile et accessible 2 &#8211; Avec Truffis vous avez 225% de rentabilit\u00e9 3 &#8211; Les types&#8230; La Truffe Blanche au sein de la gastronomie Truffe Blanche au sein de la gastronomie Pr\u00e9c\u00e9dent Suivant La truffe blanche en [&hellip;]<\/p>\n","protected":false},"author":1,"featured_media":0,"parent":0,"menu_order":0,"comment_status":"closed","ping_status":"closed","template":"","meta":{"footnotes":""},"yoast_head":"<!-- This site is optimized with the Yoast SEO plugin v21.3 - https:\/\/yoast.com\/wordpress\/plugins\/seo\/ -->\n<title>\u0627\u0644\u0645\u062f\u0648\u0646\u0629 - Truffis<\/title>\n<meta name=\"description\" content=\"\u0645\u0642\u0627\u0644\u0627\u062a \u0647\u0646\u0627\u0643 \u0644\u0625\u0637\u0644\u0627\u0639\u0643 \u0639\u0644\u0649 \u0623\u062e\u0628\u0627\u0631 \u0627\u0644\u0634\u0631\u0643\u0629 \u060c \u0648\u0646\u0635\u0627\u0626\u062d \u0644\u0625\u062f\u0627\u0631\u0629 \u0627\u0633\u062a\u062b\u0645\u0627\u0631\u0643 \u0642\u062f\u0631 \u0627\u0644\u0625\u0645\u0643\u0627\u0646.\" \/>\n<meta name=\"robots\" content=\"index, follow, max-snippet:-1, max-image-preview:large, max-video-preview:-1\" \/>\n<link rel=\"canonical\" href=\"https:\/\/truffis.com\/ar\/%d8%a7%d9%84%d9%85%d8%af%d9%88%d9%86%d8%a9\/\" \/>\n<meta property=\"og:locale\" content=\"ar_AR\" \/>\n<meta property=\"og:type\" content=\"article\" \/>\n<meta property=\"og:title\" content=\"\u0627\u0644\u0645\u062f\u0648\u0646\u0629 - Truffis\" \/>\n<meta property=\"og:description\" content=\"\u0645\u0642\u0627\u0644\u0627\u062a \u0647\u0646\u0627\u0643 \u0644\u0625\u0637\u0644\u0627\u0639\u0643 \u0639\u0644\u0649 \u0623\u062e\u0628\u0627\u0631 \u0627\u0644\u0634\u0631\u0643\u0629 \u060c \u0648\u0646\u0635\u0627\u0626\u062d \u0644\u0625\u062f\u0627\u0631\u0629 \u0627\u0633\u062a\u062b\u0645\u0627\u0631\u0643 \u0642\u062f\u0631 \u0627\u0644\u0625\u0645\u0643\u0627\u0646.\" \/>\n<meta property=\"og:url\" content=\"https:\/\/truffis.com\/ar\/%d8%a7%d9%84%d9%85%d8%af%d9%88%d9%86%d8%a9\/\" \/>\n<meta property=\"og:site_name\" content=\"Truffis\" \/>\n<meta property=\"article:modified_time\" content=\"2022-12-01T14:47:32+00:00\" \/>\n<meta name=\"twitter:card\" content=\"summary_large_image\" \/>\n<meta name=\"twitter:label1\" content=\"\u0648\u0642\u062a \u0627\u0644\u0642\u0631\u0627\u0621\u0629 \u0627\u0644\u0645\u064f\u0642\u062f\u0651\u0631\" \/>\n\t<meta name=\"twitter:data1\" content=\"\u062f\u0642\u064a\u0642\u0629 \u0648\u0627\u062d\u062f\u0629\" \/>\n<script type=\"application\/ld+json\" class=\"yoast-schema-graph\">{\"@context\":\"https:\/\/schema.org\",\"@graph\":[{\"@type\":\"WebPage\",\"@id\":\"https:\/\/truffis.com\/ar\/%d8%a7%d9%84%d9%85%d8%af%d9%88%d9%86%d8%a9\/\",\"url\":\"https:\/\/truffis.com\/ar\/%d8%a7%d9%84%d9%85%d8%af%d9%88%d9%86%d8%a9\/\",\"name\":\"\u0627\u0644\u0645\u062f\u0648\u0646\u0629 - Truffis\",\"isPartOf\":{\"@id\":\"https:\/\/truffis.com\/ar\/#website\"},\"datePublished\":\"2021-05-02T04:36:29+00:00\",\"dateModified\":\"2022-12-01T14:47:32+00:00\",\"description\":\"\u0645\u0642\u0627\u0644\u0627\u062a \u0647\u0646\u0627\u0643 \u0644\u0625\u0637\u0644\u0627\u0639\u0643 \u0639\u0644\u0649 \u0623\u062e\u0628\u0627\u0631 \u0627\u0644\u0634\u0631\u0643\u0629 \u060c \u0648\u0646\u0635\u0627\u0626\u062d \u0644\u0625\u062f\u0627\u0631\u0629 \u0627\u0633\u062a\u062b\u0645\u0627\u0631\u0643 \u0642\u062f\u0631 \u0627\u0644\u0625\u0645\u0643\u0627\u0646.\",\"breadcrumb\":{\"@id\":\"https:\/\/truffis.com\/ar\/%d8%a7%d9%84%d9%85%d8%af%d9%88%d9%86%d8%a9\/#breadcrumb\"},\"inLanguage\":\"ar\",\"potentialAction\":[{\"@type\":\"ReadAction\",\"target\":[\"https:\/\/truffis.com\/ar\/%d8%a7%d9%84%d9%85%d8%af%d9%88%d9%86%d8%a9\/\"]}]},{\"@type\":\"BreadcrumbList\",\"@id\":\"https:\/\/truffis.com\/ar\/%d8%a7%d9%84%d9%85%d8%af%d9%88%d9%86%d8%a9\/#breadcrumb\",\"itemListElement\":[{\"@type\":\"ListItem\",\"position\":1,\"name\":\"Accueil\",\"item\":\"https:\/\/truffis.com\/ar\/%d8%aa%d8%b1%d8%ad%d9%8a%d8%a8\/\"},{\"@type\":\"ListItem\",\"position\":2,\"name\":\"\u0627\u0644\u0645\u062f\u0648\u0646\u0629\"}]},{\"@type\":\"WebSite\",\"@id\":\"https:\/\/truffis.com\/ar\/#website\",\"url\":\"https:\/\/truffis.com\/ar\/\",\"name\":\"Truffis\",\"description\":\"Investir dans la truffe blanche\",\"publisher\":{\"@id\":\"https:\/\/truffis.com\/ar\/#organization\"},\"potentialAction\":[{\"@type\":\"SearchAction\",\"target\":{\"@type\":\"EntryPoint\",\"urlTemplate\":\"https:\/\/truffis.com\/ar\/?s={search_term_string}\"},\"query-input\":\"required name=search_term_string\"}],\"inLanguage\":\"ar\"},{\"@type\":\"Organization\",\"@id\":\"https:\/\/truffis.com\/ar\/#organization\",\"name\":\"Truffis\",\"url\":\"https:\/\/truffis.com\/ar\/\",\"logo\":{\"@type\":\"ImageObject\",\"inLanguage\":\"ar\",\"@id\":\"https:\/\/truffis.com\/ar\/#\/schema\/logo\/image\/\",\"url\":\"https:\/\/truffis.com\/wp-content\/uploads\/2022\/05\/52D9E7A6-E6A2-4C00-9E41-42AC4B9C84BA.png\",\"contentUrl\":\"https:\/\/truffis.com\/wp-content\/uploads\/2022\/05\/52D9E7A6-E6A2-4C00-9E41-42AC4B9C84BA.png\",\"width\":1507,\"height\":1475,\"caption\":\"Truffis\"},\"image\":{\"@id\":\"https:\/\/truffis.com\/ar\/#\/schema\/logo\/image\/\"}}]}<\/script>\n<!-- \/ Yoast SEO plugin. -->","yoast_head_json":{"title":"\u0627\u0644\u0645\u062f\u0648\u0646\u0629 - Truffis","description":"\u0645\u0642\u0627\u0644\u0627\u062a \u0647\u0646\u0627\u0643 \u0644\u0625\u0637\u0644\u0627\u0639\u0643 \u0639\u0644\u0649 \u0623\u062e\u0628\u0627\u0631 \u0627\u0644\u0634\u0631\u0643\u0629 \u060c \u0648\u0646\u0635\u0627\u0626\u062d \u0644\u0625\u062f\u0627\u0631\u0629 \u0627\u0633\u062a\u062b\u0645\u0627\u0631\u0643 \u0642\u062f\u0631 \u0627\u0644\u0625\u0645\u0643\u0627\u0646.","robots":{"index":"index","follow":"follow","max-snippet":"max-snippet:-1","max-image-preview":"max-image-preview:large","max-video-preview":"max-video-preview:-1"},"canonical":"https:\/\/truffis.com\/ar\/%d8%a7%d9%84%d9%85%d8%af%d9%88%d9%86%d8%a9\/","og_locale":"ar_AR","og_type":"article","og_title":"\u0627\u0644\u0645\u062f\u0648\u0646\u0629 - Truffis","og_description":"\u0645\u0642\u0627\u0644\u0627\u062a \u0647\u0646\u0627\u0643 \u0644\u0625\u0637\u0644\u0627\u0639\u0643 \u0639\u0644\u0649 \u0623\u062e\u0628\u0627\u0631 \u0627\u0644\u0634\u0631\u0643\u0629 \u060c \u0648\u0646\u0635\u0627\u0626\u062d \u0644\u0625\u062f\u0627\u0631\u0629 \u0627\u0633\u062a\u062b\u0645\u0627\u0631\u0643 \u0642\u062f\u0631 \u0627\u0644\u0625\u0645\u0643\u0627\u0646.","og_url":"https:\/\/truffis.com\/ar\/%d8%a7%d9%84%d9%85%d8%af%d9%88%d9%86%d8%a9\/","og_site_name":"Truffis","article_modified_time":"2022-12-01T14:47:32+00:00","twitter_card":"summary_large_image","twitter_misc":{"\u0648\u0642\u062a \u0627\u0644\u0642\u0631\u0627\u0621\u0629 \u0627\u0644\u0645\u064f\u0642\u062f\u0651\u0631":"\u062f\u0642\u064a\u0642\u0629 \u0648\u0627\u062d\u062f\u0629"},"schema":{"@context":"https:\/\/schema.org","@graph":[{"@type":"WebPage","@id":"https:\/\/truffis.com\/ar\/%d8%a7%d9%84%d9%85%d8%af%d9%88%d9%86%d8%a9\/","url":"https:\/\/truffis.com\/ar\/%d8%a7%d9%84%d9%85%d8%af%d9%88%d9%86%d8%a9\/","name":"\u0627\u0644\u0645\u062f\u0648\u0646\u0629 - Truffis","isPartOf":{"@id":"https:\/\/truffis.com\/ar\/#website"},"datePublished":"2021-05-02T04:36:29+00:00","dateModified":"2022-12-01T14:47:32+00:00","description":"\u0645\u0642\u0627\u0644\u0627\u062a \u0647\u0646\u0627\u0643 \u0644\u0625\u0637\u0644\u0627\u0639\u0643 \u0639\u0644\u0649 \u0623\u062e\u0628\u0627\u0631 \u0627\u0644\u0634\u0631\u0643\u0629 \u060c \u0648\u0646\u0635\u0627\u0626\u062d \u0644\u0625\u062f\u0627\u0631\u0629 \u0627\u0633\u062a\u062b\u0645\u0627\u0631\u0643 \u0642\u062f\u0631 \u0627\u0644\u0625\u0645\u0643\u0627\u0646.","breadcrumb":{"@id":"https:\/\/truffis.com\/ar\/%d8%a7%d9%84%d9%85%d8%af%d9%88%d9%86%d8%a9\/#breadcrumb"},"inLanguage":"ar","potentialAction":[{"@type":"ReadAction","target":["https:\/\/truffis.com\/ar\/%d8%a7%d9%84%d9%85%d8%af%d9%88%d9%86%d8%a9\/"]}]},{"@type":"BreadcrumbList","@id":"https:\/\/truffis.com\/ar\/%d8%a7%d9%84%d9%85%d8%af%d9%88%d9%86%d8%a9\/#breadcrumb","itemListElement":[{"@type":"ListItem","position":1,"name":"Accueil","item":"https:\/\/truffis.com\/ar\/%d8%aa%d8%b1%d8%ad%d9%8a%d8%a8\/"},{"@type":"ListItem","position":2,"name":"\u0627\u0644\u0645\u062f\u0648\u0646\u0629"}]},{"@type":"WebSite","@id":"https:\/\/truffis.com\/ar\/#website","url":"https:\/\/truffis.com\/ar\/","name":"Truffis","description":"Investir dans la truffe blanche","publisher":{"@id":"https:\/\/truffis.com\/ar\/#organization"},"potentialAction":[{"@type":"SearchAction","target":{"@type":"EntryPoint","urlTemplate":"https:\/\/truffis.com\/ar\/?s={search_term_string}"},"query-input":"required name=search_term_string"}],"inLanguage":"ar"},{"@type":"Organization","@id":"https:\/\/truffis.com\/ar\/#organization","name":"Truffis","url":"https:\/\/truffis.com\/ar\/","logo":{"@type":"ImageObject","inLanguage":"ar","@id":"https:\/\/truffis.com\/ar\/#\/schema\/logo\/image\/","url":"https:\/\/truffis.com\/wp-content\/uploads\/2022\/05\/52D9E7A6-E6A2-4C00-9E41-42AC4B9C84BA.png","contentUrl":"https:\/\/truffis.com\/wp-content\/uploads\/2022\/05\/52D9E7A6-E6A2-4C00-9E41-42AC4B9C84BA.png","width":1507,"height":1475,"caption":"Truffis"},"image":{"@id":"https:\/\/truffis.com\/ar\/#\/schema\/logo\/image\/"}}]}},"_links":{"self":[{"href":"https:\/\/truffis.com\/ar\/wp-json\/wp\/v2\/pages\/3757"}],"collection":[{"href":"https:\/\/truffis.com\/ar\/wp-json\/wp\/v2\/pages"}],"about":[{"href":"https:\/\/truffis.com\/ar\/wp-json\/wp\/v2\/types\/page"}],"author":[{"embeddable":true,"href":"https:\/\/truffis.com\/ar\/wp-json\/wp\/v2\/users\/1"}],"replies":[{"embeddable":true,"href":"https:\/\/truffis.com\/ar\/wp-json\/wp\/v2\/comments?post=3757"}],"version-history":[{"count":2,"href":"https:\/\/truffis.com\/ar\/wp-json\/wp\/v2\/pages\/3757\/revisions"}],"predecessor-version":[{"id":5423,"href":"https:\/\/truffis.com\/ar\/wp-json\/wp\/v2\/pages\/3757\/revisions\/5423"}],"wp:attachment":[{"href":"https:\/\/truffis.com\/ar\/wp-json\/wp\/v2\/media?parent=3757"}],"curies":[{"name":"wp","href":"https:\/\/api.w.org\/{rel}","templated":true}]}}