{"id":3030,"date":"2021-05-02T06:36:29","date_gmt":"2021-05-02T04:36:29","guid":{"rendered":"https:\/\/truffis.com\/blog\/"},"modified":"2022-12-01T16:08:50","modified_gmt":"2022-12-01T15:08:50","slug":"blog","status":"publish","type":"page","link":"https:\/\/truffis.com\/en\/blog\/","title":{"rendered":"Blog"},"content":{"rendered":"\t\t<div data-elementor-type=\"wp-page\" data-elementor-id=\"3030\" class=\"elementor elementor-3030\">\n\t\t\t\t\t\t<div class=\"elementor-inner\">\n\t\t\t\t<div class=\"elementor-section-wrap\">\n\t\t\t\t\t\t\t\t\t<section class=\"elementor-section elementor-top-section elementor-element elementor-element-143a5cf elementor-section-boxed elementor-section-height-default elementor-section-height-default\" data-id=\"143a5cf\" data-element_type=\"section\" data-settings=\"{&quot;background_background&quot;:&quot;classic&quot;}\">\n\t\t\t\t\t\t<div class=\"elementor-container elementor-column-gap-default\">\n\t\t\t\t\t\t\t<div class=\"elementor-row\">\n\t\t\t\t\t<div class=\"elementor-column elementor-col-100 elementor-top-column elementor-element elementor-element-815636d\" data-id=\"815636d\" data-element_type=\"column\">\n\t\t\t<div class=\"elementor-column-wrap elementor-element-populated\">\n\t\t\t\t\t\t\t<div class=\"elementor-widget-wrap\">\n\t\t\t\t\t\t<div class=\"elementor-element elementor-element-e46e19d elementor-widget elementor-widget-text-editor\" data-id=\"e46e19d\" data-element_type=\"widget\" data-widget_type=\"text-editor.default\">\n\t\t\t\t<div class=\"elementor-widget-container\">\n\t\t\t\t\t\t\t\t<div class=\"elementor-text-editor elementor-clearfix\">\n\t\t\t\t<p style=\"text-align: center;\">Our Blog<\/p>\n\t\t\t\t\t<\/div>\n\t\t\t\t\t\t<\/div>\n\t\t\t\t<\/div>\n\t\t\t\t\t\t<\/div>\n\t\t\t\t\t<\/div>\n\t\t<\/div>\n\t\t\t\t\t\t\t\t<\/div>\n\t\t\t\t\t<\/div>\n\t\t<\/section>\n\t\t\t\t<section class=\"elementor-section elementor-top-section elementor-element elementor-element-e4cfb05 elementor-section-boxed elementor-section-height-default elementor-section-height-default\" data-id=\"e4cfb05\" data-element_type=\"section\" data-settings=\"{&quot;background_background&quot;:&quot;classic&quot;}\">\n\t\t\t\t\t\t<div class=\"elementor-container elementor-column-gap-default\">\n\t\t\t\t\t\t\t<div class=\"elementor-row\">\n\t\t\t\t\t<div class=\"elementor-column elementor-col-100 elementor-top-column elementor-element elementor-element-899eef0\" data-id=\"899eef0\" data-element_type=\"column\">\n\t\t\t<div class=\"elementor-column-wrap elementor-element-populated\">\n\t\t\t\t\t\t\t<div class=\"elementor-widget-wrap\">\n\t\t\t\t\t\t<div class=\"elementor-element elementor-element-2ffb62f elementor-widget elementor-widget-tp-blog-listout\" data-id=\"2ffb62f\" data-element_type=\"widget\" data-widget_type=\"tp-blog-listout.default\">\n\t\t\t\t<div class=\"elementor-widget-container\">\n\t\t\t<div id=\"pt-plus-blog-post-list\" class=\"blog-list post69da08c29f82b  list-isotope-metro  blog-style-1 hover-image-style-1  \"  data-layout-type=\"metro\"  data-metro-columns=\"3\"  data-metro-style=\"style-1\"  data-tablet-metro-columns=\"3\"  data-tablet-metro-style=\"style-1\"   data-id=\"post69da08c29f82b\" data-style=\"style-1\"  data-enable-isotope=\"1\"><div id=\"post69da08c29f82b\" class=\"tp-row post-inner-loop post69da08c29f82b   \"><div class=\"grid-item metro-item1 tb-metro-item1     \"><article id=\"post-3100\" class=\"post-3100 post type-post status-publish format-standard has-post-thumbnail hentry category-uncategorized\">\n\t<div class=\"blog-list-content\">\n\t\t\t\t<div class=\"post-content-bottom\">\n\t\t\t\t\t\t<h3 class=\"post-title\">\r\n\t<a href=\"https:\/\/truffis.com\/en\/how-to-invest-in-truffles-with-truffis\/\" class=\"normal\">How to invest in Truffles with Truffis?<\/a>\r\n<\/h3>\t\t\t<div class=\"post-hover-content\">\n\t\t\t\t<div class=\"entry-content\">\r\n\t<p>How to invest in Truffles with Truffis? Pr\u00e9c\u00e9dent Suivant Summary 1 \u2013 Investing has never been so easy and accessible 2 &#8211; With Truffis you have 225% profitability 3...<\/p>\r\n<\/div>\t\t\t<\/div>\n\t\t<\/div>\n\t\t\t\t<a href=\"https:\/\/truffis.com\/en\/how-to-invest-in-truffles-with-truffis\/\"><div class=\"blog-bg-image-metro \" style=\"background:url(https:\/\/truffis.com\/wp-content\/uploads\/2022\/05\/74D54114-6382-4884-8111-C29A14B93BEF.jpeg) #f7f7f7;\"><\/div><\/a>\n\t\t\t<\/div>\n<\/article><\/div><div class=\"grid-item metro-item2 tb-metro-item2     \"><article id=\"post-3102\" class=\"post-3102 post type-post status-publish format-standard has-post-thumbnail hentry category-business-en category-gastronomy\">\n\t<div class=\"blog-list-content\">\n\t\t\t\t<div class=\"post-content-bottom\">\n\t\t\t\t\t\t<h3 class=\"post-title\">\r\n\t<a href=\"https:\/\/truffis.com\/en\/the-white-truffle-in-gastronomy\/\" class=\"normal\">The White Truffle in gastronomy<\/a>\r\n<\/h3>\t\t\t<div class=\"post-hover-content\">\n\t\t\t\t<div class=\"entry-content\">\r\n\t<p>White truffle in gastronomy Pr\u00e9c\u00e9dent Suivant White truffle in the kitchen Restaurant owners have difficulty obtaining quality truffles. With Truffis , Chefs will be able to invest in their...<\/p>\r\n<\/div>\t\t\t<\/div>\n\t\t<\/div>\n\t\t\t\t<a href=\"https:\/\/truffis.com\/en\/the-white-truffle-in-gastronomy\/\"><div class=\"blog-bg-image-metro \" style=\"background:url(https:\/\/truffis.com\/wp-content\/uploads\/2022\/05\/Truffe-cadeau.jpg) #f7f7f7;\"><\/div><\/a>\n\t\t\t<\/div>\n<\/article><\/div><div class=\"grid-item metro-item3 tb-metro-item3     \"><article id=\"post-3104\" class=\"post-3104 post type-post status-publish format-standard has-post-thumbnail hentry category-business-en category-invest category-uncategorized\">\n\t<div class=\"blog-list-content\">\n\t\t\t\t<div class=\"post-content-bottom\">\n\t\t\t\t\t\t<h3 class=\"post-title\">\r\n\t<a href=\"https:\/\/truffis.com\/en\/bet-on-top-quality-truffles-with-a-9-year-yield-of-225\/\" class=\"normal\">Bet on top quality truffles with a 9-year yield of 225%<\/a>\r\n<\/h3>\t\t\t<div class=\"post-hover-content\">\n\t\t\t\t<div class=\"entry-content\">\r\n\t<p>Bet on top quality truffles with a 9-year yield of 225% Pr\u00e9c\u00e9dent Suivant Summary 1 &#8211; Introduction 2 &#8211; A global approach Introduction The white truffle is the result...<\/p>\r\n<\/div>\t\t\t<\/div>\n\t\t<\/div>\n\t\t\t\t<a href=\"https:\/\/truffis.com\/en\/bet-on-top-quality-truffles-with-a-9-year-yield-of-225\/\"><div class=\"blog-bg-image-metro \" style=\"background:url(https:\/\/truffis.com\/wp-content\/uploads\/2022\/05\/Truffe-traditionnelle-.jpg) #f7f7f7;\"><\/div><\/a>\n\t\t\t<\/div>\n<\/article><\/div><div class=\"grid-item metro-item4 tb-metro-item4     \"><article id=\"post-3106\" class=\"post-3106 post type-post status-publish format-standard has-post-thumbnail hentry category-business-en category-invest category-uncategorized\">\n\t<div class=\"blog-list-content\">\n\t\t\t\t<div class=\"post-content-bottom\">\n\t\t\t\t\t\t<h3 class=\"post-title\">\r\n\t<a href=\"https:\/\/truffis.com\/en\/turn-your-truffles-into-gold\/\" class=\"normal\">Turn your truffles into gold<\/a>\r\n<\/h3>\t\t\t<div class=\"post-hover-content\">\n\t\t\t\t<div class=\"entry-content\">\r\n\t<p>Turn your Truffles into Gold Pr\u00e9c\u00e9dent Suivant Summary 1 &#8211; The truffle, a subject of conversation 2 &#8211; Why is it a prestige product? 3 &#8211; Invest in white...<\/p>\r\n<\/div>\t\t\t<\/div>\n\t\t<\/div>\n\t\t\t\t<a href=\"https:\/\/truffis.com\/en\/turn-your-truffles-into-gold\/\"><div class=\"blog-bg-image-metro \" style=\"background:url(https:\/\/truffis.com\/wp-content\/uploads\/2022\/05\/Premiere-qualite-truffes-1-2.jpg) #f7f7f7;\"><\/div><\/a>\n\t\t\t<\/div>\n<\/article><\/div><\/div><\/div>\t\t<\/div>\n\t\t\t\t<\/div>\n\t\t\t\t\t\t<\/div>\n\t\t\t\t\t<\/div>\n\t\t<\/div>\n\t\t\t\t\t\t\t\t<\/div>\n\t\t\t\t\t<\/div>\n\t\t<\/section>\n\t\t\t\t\t\t\t\t\t<\/div>\n\t\t\t<\/div>\n\t\t\t\t\t<\/div>\n\t\t","protected":false},"excerpt":{"rendered":"<p>Our Blog Comment investir avec Truffis Comment investir avec Truffis Pr\u00e9c\u00e9dent Suivant Sommaire 1 &#8211;\u00a0Investir n\u2019a jamais \u00e9t\u00e9 aussi facile et accessible 2 &#8211; Avec Truffis vous avez 225% de rentabilit\u00e9 3 &#8211; Les types&#8230; La Truffe Blanche au sein de la gastronomie Truffe Blanche au sein de la gastronomie Pr\u00e9c\u00e9dent Suivant La truffe blanche [&hellip;]<\/p>\n","protected":false},"author":1,"featured_media":0,"parent":0,"menu_order":0,"comment_status":"closed","ping_status":"closed","template":"","meta":{"footnotes":""},"yoast_head":"<!-- This site is optimized with the Yoast SEO plugin v21.3 - https:\/\/yoast.com\/wordpress\/plugins\/seo\/ -->\n<title>Blog - Truffis<\/title>\n<meta name=\"description\" content=\"Articles on there to keep you informed on company news, tips for managing your investment as well as possible.\" \/>\n<meta name=\"robots\" content=\"index, follow, max-snippet:-1, max-image-preview:large, max-video-preview:-1\" \/>\n<link rel=\"canonical\" href=\"https:\/\/truffis.com\/en\/blog\/\" \/>\n<meta property=\"og:locale\" content=\"en_US\" \/>\n<meta property=\"og:type\" content=\"article\" \/>\n<meta property=\"og:title\" content=\"Blog - Truffis\" \/>\n<meta property=\"og:description\" content=\"Articles on there to keep you informed on company news, tips for managing your investment as well as possible.\" \/>\n<meta property=\"og:url\" content=\"https:\/\/truffis.com\/en\/blog\/\" \/>\n<meta property=\"og:site_name\" content=\"Truffis\" \/>\n<meta property=\"article:modified_time\" content=\"2022-12-01T15:08:50+00:00\" \/>\n<meta name=\"twitter:card\" content=\"summary_large_image\" \/>\n<meta name=\"twitter:label1\" content=\"Est. reading time\" \/>\n\t<meta name=\"twitter:data1\" content=\"1 minute\" \/>\n<script type=\"application\/ld+json\" class=\"yoast-schema-graph\">{\"@context\":\"https:\/\/schema.org\",\"@graph\":[{\"@type\":\"WebPage\",\"@id\":\"https:\/\/truffis.com\/en\/blog\/\",\"url\":\"https:\/\/truffis.com\/en\/blog\/\",\"name\":\"Blog - Truffis\",\"isPartOf\":{\"@id\":\"https:\/\/truffis.com\/en\/#website\"},\"datePublished\":\"2021-05-02T04:36:29+00:00\",\"dateModified\":\"2022-12-01T15:08:50+00:00\",\"description\":\"Articles on there to keep you informed on company news, tips for managing your investment as well as possible.\",\"breadcrumb\":{\"@id\":\"https:\/\/truffis.com\/en\/blog\/#breadcrumb\"},\"inLanguage\":\"en-US\",\"potentialAction\":[{\"@type\":\"ReadAction\",\"target\":[\"https:\/\/truffis.com\/en\/blog\/\"]}]},{\"@type\":\"BreadcrumbList\",\"@id\":\"https:\/\/truffis.com\/en\/blog\/#breadcrumb\",\"itemListElement\":[{\"@type\":\"ListItem\",\"position\":1,\"name\":\"Accueil\",\"item\":\"https:\/\/truffis.com\/en\/homepage\/\"},{\"@type\":\"ListItem\",\"position\":2,\"name\":\"Blog\"}]},{\"@type\":\"WebSite\",\"@id\":\"https:\/\/truffis.com\/en\/#website\",\"url\":\"https:\/\/truffis.com\/en\/\",\"name\":\"Truffis\",\"description\":\"Investir dans la truffe blanche\",\"publisher\":{\"@id\":\"https:\/\/truffis.com\/en\/#organization\"},\"potentialAction\":[{\"@type\":\"SearchAction\",\"target\":{\"@type\":\"EntryPoint\",\"urlTemplate\":\"https:\/\/truffis.com\/en\/?s={search_term_string}\"},\"query-input\":\"required name=search_term_string\"}],\"inLanguage\":\"en-US\"},{\"@type\":\"Organization\",\"@id\":\"https:\/\/truffis.com\/en\/#organization\",\"name\":\"Truffis\",\"url\":\"https:\/\/truffis.com\/en\/\",\"logo\":{\"@type\":\"ImageObject\",\"inLanguage\":\"en-US\",\"@id\":\"https:\/\/truffis.com\/en\/#\/schema\/logo\/image\/\",\"url\":\"https:\/\/truffis.com\/wp-content\/uploads\/2022\/05\/52D9E7A6-E6A2-4C00-9E41-42AC4B9C84BA.png\",\"contentUrl\":\"https:\/\/truffis.com\/wp-content\/uploads\/2022\/05\/52D9E7A6-E6A2-4C00-9E41-42AC4B9C84BA.png\",\"width\":1507,\"height\":1475,\"caption\":\"Truffis\"},\"image\":{\"@id\":\"https:\/\/truffis.com\/en\/#\/schema\/logo\/image\/\"}}]}<\/script>\n<!-- \/ Yoast SEO plugin. -->","yoast_head_json":{"title":"Blog - Truffis","description":"Articles on there to keep you informed on company news, tips for managing your investment as well as possible.","robots":{"index":"index","follow":"follow","max-snippet":"max-snippet:-1","max-image-preview":"max-image-preview:large","max-video-preview":"max-video-preview:-1"},"canonical":"https:\/\/truffis.com\/en\/blog\/","og_locale":"en_US","og_type":"article","og_title":"Blog - Truffis","og_description":"Articles on there to keep you informed on company news, tips for managing your investment as well as possible.","og_url":"https:\/\/truffis.com\/en\/blog\/","og_site_name":"Truffis","article_modified_time":"2022-12-01T15:08:50+00:00","twitter_card":"summary_large_image","twitter_misc":{"Est. reading time":"1 minute"},"schema":{"@context":"https:\/\/schema.org","@graph":[{"@type":"WebPage","@id":"https:\/\/truffis.com\/en\/blog\/","url":"https:\/\/truffis.com\/en\/blog\/","name":"Blog - Truffis","isPartOf":{"@id":"https:\/\/truffis.com\/en\/#website"},"datePublished":"2021-05-02T04:36:29+00:00","dateModified":"2022-12-01T15:08:50+00:00","description":"Articles on there to keep you informed on company news, tips for managing your investment as well as possible.","breadcrumb":{"@id":"https:\/\/truffis.com\/en\/blog\/#breadcrumb"},"inLanguage":"en-US","potentialAction":[{"@type":"ReadAction","target":["https:\/\/truffis.com\/en\/blog\/"]}]},{"@type":"BreadcrumbList","@id":"https:\/\/truffis.com\/en\/blog\/#breadcrumb","itemListElement":[{"@type":"ListItem","position":1,"name":"Accueil","item":"https:\/\/truffis.com\/en\/homepage\/"},{"@type":"ListItem","position":2,"name":"Blog"}]},{"@type":"WebSite","@id":"https:\/\/truffis.com\/en\/#website","url":"https:\/\/truffis.com\/en\/","name":"Truffis","description":"Investir dans la truffe blanche","publisher":{"@id":"https:\/\/truffis.com\/en\/#organization"},"potentialAction":[{"@type":"SearchAction","target":{"@type":"EntryPoint","urlTemplate":"https:\/\/truffis.com\/en\/?s={search_term_string}"},"query-input":"required name=search_term_string"}],"inLanguage":"en-US"},{"@type":"Organization","@id":"https:\/\/truffis.com\/en\/#organization","name":"Truffis","url":"https:\/\/truffis.com\/en\/","logo":{"@type":"ImageObject","inLanguage":"en-US","@id":"https:\/\/truffis.com\/en\/#\/schema\/logo\/image\/","url":"https:\/\/truffis.com\/wp-content\/uploads\/2022\/05\/52D9E7A6-E6A2-4C00-9E41-42AC4B9C84BA.png","contentUrl":"https:\/\/truffis.com\/wp-content\/uploads\/2022\/05\/52D9E7A6-E6A2-4C00-9E41-42AC4B9C84BA.png","width":1507,"height":1475,"caption":"Truffis"},"image":{"@id":"https:\/\/truffis.com\/en\/#\/schema\/logo\/image\/"}}]}},"_links":{"self":[{"href":"https:\/\/truffis.com\/en\/wp-json\/wp\/v2\/pages\/3030"}],"collection":[{"href":"https:\/\/truffis.com\/en\/wp-json\/wp\/v2\/pages"}],"about":[{"href":"https:\/\/truffis.com\/en\/wp-json\/wp\/v2\/types\/page"}],"author":[{"embeddable":true,"href":"https:\/\/truffis.com\/en\/wp-json\/wp\/v2\/users\/1"}],"replies":[{"embeddable":true,"href":"https:\/\/truffis.com\/en\/wp-json\/wp\/v2\/comments?post=3030"}],"version-history":[{"count":5,"href":"https:\/\/truffis.com\/en\/wp-json\/wp\/v2\/pages\/3030\/revisions"}],"predecessor-version":[{"id":5430,"href":"https:\/\/truffis.com\/en\/wp-json\/wp\/v2\/pages\/3030\/revisions\/5430"}],"wp:attachment":[{"href":"https:\/\/truffis.com\/en\/wp-json\/wp\/v2\/media?parent=3030"}],"curies":[{"name":"wp","href":"https:\/\/api.w.org\/{rel}","templated":true}]}}