{"id":3293,"date":"2021-05-02T06:36:29","date_gmt":"2021-05-02T04:36:29","guid":{"rendered":"https:\/\/truffis.com\/blog\/"},"modified":"2022-12-01T16:10:50","modified_gmt":"2022-12-01T15:10:50","slug":"blog","status":"publish","type":"page","link":"https:\/\/truffis.com\/es\/blog\/","title":{"rendered":"Blog"},"content":{"rendered":"\t\t<div data-elementor-type=\"wp-page\" data-elementor-id=\"3293\" class=\"elementor elementor-3293\">\n\t\t\t\t\t\t<div class=\"elementor-inner\">\n\t\t\t\t<div class=\"elementor-section-wrap\">\n\t\t\t\t\t\t\t\t\t<section class=\"elementor-section elementor-top-section elementor-element elementor-element-143a5cf elementor-section-boxed elementor-section-height-default elementor-section-height-default\" data-id=\"143a5cf\" data-element_type=\"section\" data-settings=\"{&quot;background_background&quot;:&quot;classic&quot;}\">\n\t\t\t\t\t\t<div class=\"elementor-container elementor-column-gap-default\">\n\t\t\t\t\t\t\t<div class=\"elementor-row\">\n\t\t\t\t\t<div class=\"elementor-column elementor-col-100 elementor-top-column elementor-element elementor-element-815636d\" data-id=\"815636d\" data-element_type=\"column\">\n\t\t\t<div class=\"elementor-column-wrap elementor-element-populated\">\n\t\t\t\t\t\t\t<div class=\"elementor-widget-wrap\">\n\t\t\t\t\t\t<div class=\"elementor-element elementor-element-e46e19d elementor-widget elementor-widget-text-editor\" data-id=\"e46e19d\" data-element_type=\"widget\" data-widget_type=\"text-editor.default\">\n\t\t\t\t<div class=\"elementor-widget-container\">\n\t\t\t\t\t\t\t\t<div class=\"elementor-text-editor elementor-clearfix\">\n\t\t\t\t<p style=\"text-align: center;\">Nuestro Blog<\/p>\n\t\t\t\t\t<\/div>\n\t\t\t\t\t\t<\/div>\n\t\t\t\t<\/div>\n\t\t\t\t\t\t<\/div>\n\t\t\t\t\t<\/div>\n\t\t<\/div>\n\t\t\t\t\t\t\t\t<\/div>\n\t\t\t\t\t<\/div>\n\t\t<\/section>\n\t\t\t\t<section class=\"elementor-section elementor-top-section elementor-element elementor-element-e4cfb05 elementor-section-boxed elementor-section-height-default elementor-section-height-default\" data-id=\"e4cfb05\" data-element_type=\"section\" data-settings=\"{&quot;background_background&quot;:&quot;classic&quot;}\">\n\t\t\t\t\t\t<div class=\"elementor-container elementor-column-gap-default\">\n\t\t\t\t\t\t\t<div class=\"elementor-row\">\n\t\t\t\t\t<div class=\"elementor-column elementor-col-100 elementor-top-column elementor-element elementor-element-899eef0\" data-id=\"899eef0\" data-element_type=\"column\">\n\t\t\t<div class=\"elementor-column-wrap elementor-element-populated\">\n\t\t\t\t\t\t\t<div class=\"elementor-widget-wrap\">\n\t\t\t\t\t\t<div class=\"elementor-element elementor-element-2ffb62f elementor-widget elementor-widget-tp-blog-listout\" data-id=\"2ffb62f\" data-element_type=\"widget\" data-widget_type=\"tp-blog-listout.default\">\n\t\t\t\t<div class=\"elementor-widget-container\">\n\t\t\t<div id=\"pt-plus-blog-post-list\" class=\"blog-list post69eb75beab149  list-isotope-metro  blog-style-1 hover-image-style-1  \"  data-layout-type=\"metro\"  data-metro-columns=\"3\"  data-metro-style=\"style-1\"  data-tablet-metro-columns=\"3\"  data-tablet-metro-style=\"style-1\"   data-id=\"post69eb75beab149\" data-style=\"style-1\"  data-enable-isotope=\"1\"><div id=\"post69eb75beab149\" class=\"tp-row post-inner-loop post69eb75beab149   \"><div class=\"grid-item metro-item1 tb-metro-item1     \"><article id=\"post-3313\" class=\"post-3313 post type-post status-publish format-standard has-post-thumbnail hentry category-sin-categorizar\">\n\t<div class=\"blog-list-content\">\n\t\t\t\t<div class=\"post-content-bottom\">\n\t\t\t\t\t\t<h3 class=\"post-title\">\r\n\t<a href=\"https:\/\/truffis.com\/es\/como-invertir-con-truffis\/\" class=\"normal\">C\u00f3mo invertir con Truffis<\/a>\r\n<\/h3>\t\t\t<div class=\"post-hover-content\">\n\t\t\t\t<div class=\"entry-content\">\r\n\t<p>C\u00f3mo invertir con Truffis Pr\u00e9c\u00e9dent Suivant Contenido 1 &#8211;Invertir nunca ha sido tan f\u00e1cil ni tan accesible 2 &#8211; Con Truffis tienes un 225% de rentabilidad 3 &#8211; Tipos...<\/p>\r\n<\/div>\t\t\t<\/div>\n\t\t<\/div>\n\t\t\t\t<a href=\"https:\/\/truffis.com\/es\/como-invertir-con-truffis\/\"><div class=\"blog-bg-image-metro \" style=\"background:url(https:\/\/truffis.com\/wp-content\/uploads\/2022\/05\/74D54114-6382-4884-8111-C29A14B93BEF.jpeg) #f7f7f7;\"><\/div><\/a>\n\t\t\t<\/div>\n<\/article><\/div><div class=\"grid-item metro-item2 tb-metro-item2     \"><article id=\"post-3317\" class=\"post-3317 post type-post status-publish format-standard has-post-thumbnail hentry category-gastronomia category-negocios\">\n\t<div class=\"blog-list-content\">\n\t\t\t\t<div class=\"post-content-bottom\">\n\t\t\t\t\t\t<h3 class=\"post-title\">\r\n\t<a href=\"https:\/\/truffis.com\/es\/la-trufa-blanca-dentro-de-la-gastronomia\/\" class=\"normal\">La Trufa Blanca dentro de la gastronom\u00eda<\/a>\r\n<\/h3>\t\t\t<div class=\"post-hover-content\">\n\t\t\t\t<div class=\"entry-content\">\r\n\t<p>La Trufa Blanca en la gastronom\u00eda Pr\u00e9c\u00e9dent Suivant La trufa blanca en la cocina Los restauradores tienen dificultades para conseguir trufas de calidad. Con Truffis, los chefs podr\u00e1n invertir...<\/p>\r\n<\/div>\t\t\t<\/div>\n\t\t<\/div>\n\t\t\t\t<a href=\"https:\/\/truffis.com\/es\/la-trufa-blanca-dentro-de-la-gastronomia\/\"><div class=\"blog-bg-image-metro \" style=\"background:url(https:\/\/truffis.com\/wp-content\/uploads\/2022\/05\/Truffe-cadeau.jpg) #f7f7f7;\"><\/div><\/a>\n\t\t\t<\/div>\n<\/article><\/div><div class=\"grid-item metro-item3 tb-metro-item3     \"><article id=\"post-3321\" class=\"post-3321 post type-post status-publish format-standard has-post-thumbnail hentry category-investir-es category-negocios category-sin-categorizar\">\n\t<div class=\"blog-list-content\">\n\t\t\t\t<div class=\"post-content-bottom\">\n\t\t\t\t\t\t<h3 class=\"post-title\">\r\n\t<a href=\"https:\/\/truffis.com\/es\/apueste-por-trufas-de-primera-calidad-con-una-rentabilidad-de-9-anos-del-225\/\" class=\"normal\">Apueste por trufas de primera calidad con una rentabilidad de 9 a\u00f1os del 225%<\/a>\r\n<\/h3>\t\t\t<div class=\"post-hover-content\">\n\t\t\t\t<div class=\"entry-content\">\r\n\t<p>Apueste por trufas de primera calidad con una rentabilidad de 9 a\u00f1os del 225% Pr\u00e9c\u00e9dent Suivant Contenido 1 &#8211; Introducci\u00f3n 2 &#8211; Un enfoque global Introducci\u00f3n La trufa blanca...<\/p>\r\n<\/div>\t\t\t<\/div>\n\t\t<\/div>\n\t\t\t\t<a href=\"https:\/\/truffis.com\/es\/apueste-por-trufas-de-primera-calidad-con-una-rentabilidad-de-9-anos-del-225\/\"><div class=\"blog-bg-image-metro \" style=\"background:url(https:\/\/truffis.com\/wp-content\/uploads\/2022\/05\/Truffe-traditionnelle-.jpg) #f7f7f7;\"><\/div><\/a>\n\t\t\t<\/div>\n<\/article><\/div><div class=\"grid-item metro-item4 tb-metro-item4     \"><article id=\"post-3323\" class=\"post-3323 post type-post status-publish format-standard has-post-thumbnail hentry category-investir-es category-negocios category-sin-categorizar\">\n\t<div class=\"blog-list-content\">\n\t\t\t\t<div class=\"post-content-bottom\">\n\t\t\t\t\t\t<h3 class=\"post-title\">\r\n\t<a href=\"https:\/\/truffis.com\/es\/convierte-sus-trufas-en-oro\/\" class=\"normal\">Convierte sus trufas en oro<\/a>\r\n<\/h3>\t\t\t<div class=\"post-hover-content\">\n\t\t\t\t<div class=\"entry-content\">\r\n\t<p>Convierte sus trufas en oro Pr\u00e9c\u00e9dent Suivant Contenido 1 &#8211; La trufa, un tema de conversaci\u00f3n 2 &#8211; \u00bfPor qu\u00e9 es un producto de prestigio? 3 &#8211; \u00bfInvertir en...<\/p>\r\n<\/div>\t\t\t<\/div>\n\t\t<\/div>\n\t\t\t\t<a href=\"https:\/\/truffis.com\/es\/convierte-sus-trufas-en-oro\/\"><div class=\"blog-bg-image-metro \" style=\"background:url(https:\/\/truffis.com\/wp-content\/uploads\/2022\/05\/Premiere-qualite-truffes-1-2.jpg) #f7f7f7;\"><\/div><\/a>\n\t\t\t<\/div>\n<\/article><\/div><\/div><\/div>\t\t<\/div>\n\t\t\t\t<\/div>\n\t\t\t\t\t\t<\/div>\n\t\t\t\t\t<\/div>\n\t\t<\/div>\n\t\t\t\t\t\t\t\t<\/div>\n\t\t\t\t\t<\/div>\n\t\t<\/section>\n\t\t\t\t\t\t\t\t\t<\/div>\n\t\t\t<\/div>\n\t\t\t\t\t<\/div>\n\t\t","protected":false},"excerpt":{"rendered":"<p>Nuestro Blog Comment investir avec Truffis Comment investir avec Truffis Pr\u00e9c\u00e9dent Suivant Sommaire 1 &#8211;\u00a0Investir n\u2019a jamais \u00e9t\u00e9 aussi facile et accessible 2 &#8211; Avec Truffis vous avez 225% de rentabilit\u00e9 3 &#8211; Les types&#8230; La Truffe Blanche au sein de la gastronomie Truffe Blanche au sein de la gastronomie Pr\u00e9c\u00e9dent Suivant La truffe blanche [&hellip;]<\/p>\n","protected":false},"author":1,"featured_media":0,"parent":0,"menu_order":0,"comment_status":"closed","ping_status":"closed","template":"","meta":{"footnotes":""},"yoast_head":"<!-- This site is optimized with the Yoast SEO plugin v21.3 - https:\/\/yoast.com\/wordpress\/plugins\/seo\/ -->\n<title>Blog - Truffis<\/title>\n<meta name=\"description\" content=\"Art\u00edculos de portada para mantenerle informado sobre las novedades de la empresa y consejos para gestionar mejor su inversi\u00f3n.\" \/>\n<meta name=\"robots\" content=\"index, follow, max-snippet:-1, max-image-preview:large, max-video-preview:-1\" \/>\n<link rel=\"canonical\" href=\"https:\/\/truffis.com\/es\/blog\/\" \/>\n<meta property=\"og:locale\" content=\"es_ES\" \/>\n<meta property=\"og:type\" content=\"article\" \/>\n<meta property=\"og:title\" content=\"Blog - Truffis\" \/>\n<meta property=\"og:description\" content=\"Art\u00edculos de portada para mantenerle informado sobre las novedades de la empresa y consejos para gestionar mejor su inversi\u00f3n.\" \/>\n<meta property=\"og:url\" content=\"https:\/\/truffis.com\/es\/blog\/\" \/>\n<meta property=\"og:site_name\" content=\"Truffis\" \/>\n<meta property=\"article:modified_time\" content=\"2022-12-01T15:10:50+00:00\" \/>\n<meta name=\"twitter:card\" content=\"summary_large_image\" \/>\n<meta name=\"twitter:label1\" content=\"Tiempo de lectura\" \/>\n\t<meta name=\"twitter:data1\" content=\"1 minuto\" \/>\n<script type=\"application\/ld+json\" class=\"yoast-schema-graph\">{\"@context\":\"https:\/\/schema.org\",\"@graph\":[{\"@type\":\"WebPage\",\"@id\":\"https:\/\/truffis.com\/es\/blog\/\",\"url\":\"https:\/\/truffis.com\/es\/blog\/\",\"name\":\"Blog - Truffis\",\"isPartOf\":{\"@id\":\"https:\/\/truffis.com\/es\/#website\"},\"datePublished\":\"2021-05-02T04:36:29+00:00\",\"dateModified\":\"2022-12-01T15:10:50+00:00\",\"description\":\"Art\u00edculos de portada para mantenerle informado sobre las novedades de la empresa y consejos para gestionar mejor su inversi\u00f3n.\",\"breadcrumb\":{\"@id\":\"https:\/\/truffis.com\/es\/blog\/#breadcrumb\"},\"inLanguage\":\"es\",\"potentialAction\":[{\"@type\":\"ReadAction\",\"target\":[\"https:\/\/truffis.com\/es\/blog\/\"]}]},{\"@type\":\"BreadcrumbList\",\"@id\":\"https:\/\/truffis.com\/es\/blog\/#breadcrumb\",\"itemListElement\":[{\"@type\":\"ListItem\",\"position\":1,\"name\":\"Accueil\",\"item\":\"https:\/\/truffis.com\/es\/inicio\/\"},{\"@type\":\"ListItem\",\"position\":2,\"name\":\"Blog\"}]},{\"@type\":\"WebSite\",\"@id\":\"https:\/\/truffis.com\/es\/#website\",\"url\":\"https:\/\/truffis.com\/es\/\",\"name\":\"Truffis\",\"description\":\"Investir dans la truffe blanche\",\"publisher\":{\"@id\":\"https:\/\/truffis.com\/es\/#organization\"},\"potentialAction\":[{\"@type\":\"SearchAction\",\"target\":{\"@type\":\"EntryPoint\",\"urlTemplate\":\"https:\/\/truffis.com\/es\/?s={search_term_string}\"},\"query-input\":\"required name=search_term_string\"}],\"inLanguage\":\"es\"},{\"@type\":\"Organization\",\"@id\":\"https:\/\/truffis.com\/es\/#organization\",\"name\":\"Truffis\",\"url\":\"https:\/\/truffis.com\/es\/\",\"logo\":{\"@type\":\"ImageObject\",\"inLanguage\":\"es\",\"@id\":\"https:\/\/truffis.com\/es\/#\/schema\/logo\/image\/\",\"url\":\"https:\/\/truffis.com\/wp-content\/uploads\/2022\/05\/52D9E7A6-E6A2-4C00-9E41-42AC4B9C84BA.png\",\"contentUrl\":\"https:\/\/truffis.com\/wp-content\/uploads\/2022\/05\/52D9E7A6-E6A2-4C00-9E41-42AC4B9C84BA.png\",\"width\":1507,\"height\":1475,\"caption\":\"Truffis\"},\"image\":{\"@id\":\"https:\/\/truffis.com\/es\/#\/schema\/logo\/image\/\"}}]}<\/script>\n<!-- \/ Yoast SEO plugin. -->","yoast_head_json":{"title":"Blog - Truffis","description":"Art\u00edculos de portada para mantenerle informado sobre las novedades de la empresa y consejos para gestionar mejor su inversi\u00f3n.","robots":{"index":"index","follow":"follow","max-snippet":"max-snippet:-1","max-image-preview":"max-image-preview:large","max-video-preview":"max-video-preview:-1"},"canonical":"https:\/\/truffis.com\/es\/blog\/","og_locale":"es_ES","og_type":"article","og_title":"Blog - Truffis","og_description":"Art\u00edculos de portada para mantenerle informado sobre las novedades de la empresa y consejos para gestionar mejor su inversi\u00f3n.","og_url":"https:\/\/truffis.com\/es\/blog\/","og_site_name":"Truffis","article_modified_time":"2022-12-01T15:10:50+00:00","twitter_card":"summary_large_image","twitter_misc":{"Tiempo de lectura":"1 minuto"},"schema":{"@context":"https:\/\/schema.org","@graph":[{"@type":"WebPage","@id":"https:\/\/truffis.com\/es\/blog\/","url":"https:\/\/truffis.com\/es\/blog\/","name":"Blog - Truffis","isPartOf":{"@id":"https:\/\/truffis.com\/es\/#website"},"datePublished":"2021-05-02T04:36:29+00:00","dateModified":"2022-12-01T15:10:50+00:00","description":"Art\u00edculos de portada para mantenerle informado sobre las novedades de la empresa y consejos para gestionar mejor su inversi\u00f3n.","breadcrumb":{"@id":"https:\/\/truffis.com\/es\/blog\/#breadcrumb"},"inLanguage":"es","potentialAction":[{"@type":"ReadAction","target":["https:\/\/truffis.com\/es\/blog\/"]}]},{"@type":"BreadcrumbList","@id":"https:\/\/truffis.com\/es\/blog\/#breadcrumb","itemListElement":[{"@type":"ListItem","position":1,"name":"Accueil","item":"https:\/\/truffis.com\/es\/inicio\/"},{"@type":"ListItem","position":2,"name":"Blog"}]},{"@type":"WebSite","@id":"https:\/\/truffis.com\/es\/#website","url":"https:\/\/truffis.com\/es\/","name":"Truffis","description":"Investir dans la truffe blanche","publisher":{"@id":"https:\/\/truffis.com\/es\/#organization"},"potentialAction":[{"@type":"SearchAction","target":{"@type":"EntryPoint","urlTemplate":"https:\/\/truffis.com\/es\/?s={search_term_string}"},"query-input":"required name=search_term_string"}],"inLanguage":"es"},{"@type":"Organization","@id":"https:\/\/truffis.com\/es\/#organization","name":"Truffis","url":"https:\/\/truffis.com\/es\/","logo":{"@type":"ImageObject","inLanguage":"es","@id":"https:\/\/truffis.com\/es\/#\/schema\/logo\/image\/","url":"https:\/\/truffis.com\/wp-content\/uploads\/2022\/05\/52D9E7A6-E6A2-4C00-9E41-42AC4B9C84BA.png","contentUrl":"https:\/\/truffis.com\/wp-content\/uploads\/2022\/05\/52D9E7A6-E6A2-4C00-9E41-42AC4B9C84BA.png","width":1507,"height":1475,"caption":"Truffis"},"image":{"@id":"https:\/\/truffis.com\/es\/#\/schema\/logo\/image\/"}}]}},"_links":{"self":[{"href":"https:\/\/truffis.com\/es\/wp-json\/wp\/v2\/pages\/3293"}],"collection":[{"href":"https:\/\/truffis.com\/es\/wp-json\/wp\/v2\/pages"}],"about":[{"href":"https:\/\/truffis.com\/es\/wp-json\/wp\/v2\/types\/page"}],"author":[{"embeddable":true,"href":"https:\/\/truffis.com\/es\/wp-json\/wp\/v2\/users\/1"}],"replies":[{"embeddable":true,"href":"https:\/\/truffis.com\/es\/wp-json\/wp\/v2\/comments?post=3293"}],"version-history":[{"count":2,"href":"https:\/\/truffis.com\/es\/wp-json\/wp\/v2\/pages\/3293\/revisions"}],"predecessor-version":[{"id":5432,"href":"https:\/\/truffis.com\/es\/wp-json\/wp\/v2\/pages\/3293\/revisions\/5432"}],"wp:attachment":[{"href":"https:\/\/truffis.com\/es\/wp-json\/wp\/v2\/media?parent=3293"}],"curies":[{"name":"wp","href":"https:\/\/api.w.org\/{rel}","templated":true}]}}