{"id":3345,"date":"2022-04-27T18:08:47","date_gmt":"2022-04-27T16:08:47","guid":{"rendered":"https:\/\/truffis.com\/notificaciones-legales\/"},"modified":"2022-05-26T20:07:19","modified_gmt":"2022-05-26T18:07:19","slug":"notificaciones-legales","status":"publish","type":"page","link":"https:\/\/truffis.com\/es\/notificaciones-legales\/","title":{"rendered":"Notificaciones Legales"},"content":{"rendered":"\t\t<div data-elementor-type=\"wp-page\" data-elementor-id=\"3345\" class=\"elementor elementor-3345\">\n\t\t\t\t\t\t<div class=\"elementor-inner\">\n\t\t\t\t<div class=\"elementor-section-wrap\">\n\t\t\t\t\t\t\t\t\t<section class=\"elementor-section elementor-top-section elementor-element elementor-element-e6b1050 elementor-section-boxed elementor-section-height-default elementor-section-height-default\" data-id=\"e6b1050\" data-element_type=\"section\" data-settings=\"{&quot;background_background&quot;:&quot;classic&quot;}\">\n\t\t\t\t\t\t<div class=\"elementor-container elementor-column-gap-default\">\n\t\t\t\t\t\t\t<div class=\"elementor-row\">\n\t\t\t\t\t<div class=\"elementor-column elementor-col-100 elementor-top-column elementor-element elementor-element-c809071\" data-id=\"c809071\" data-element_type=\"column\">\n\t\t\t<div class=\"elementor-column-wrap elementor-element-populated\">\n\t\t\t\t\t\t\t<div class=\"elementor-widget-wrap\">\n\t\t\t\t\t\t<div class=\"elementor-element elementor-element-1334cad elementor-widget elementor-widget-heading\" data-id=\"1334cad\" data-element_type=\"widget\" data-widget_type=\"heading.default\">\n\t\t\t\t<div class=\"elementor-widget-container\">\n\t\t\t<h2 class=\"elementor-heading-title elementor-size-default\"><h1 data-w-id=\"55c57951-f068-0dff-64d7-7663bc0ec7b8\" class=\"title utility-page\" style=\"margin: 0px 0px 24px; color: rgb(29, 51, 70); font-size: 45px; line-height: 1.161em; font-weight: 800; font-family: Manrope, sans-serif; text-align: center; white-space: normal;\">Notificaciones Legales<\/h1><\/h2>\t\t<\/div>\n\t\t\t\t<\/div>\n\t\t\t\t\t\t<\/div>\n\t\t\t\t\t<\/div>\n\t\t<\/div>\n\t\t\t\t\t\t\t\t<\/div>\n\t\t\t\t\t<\/div>\n\t\t<\/section>\n\t\t\t\t<section class=\"elementor-section elementor-top-section elementor-element elementor-element-b255774 elementor-section-boxed elementor-section-height-default elementor-section-height-default\" data-id=\"b255774\" data-element_type=\"section\">\n\t\t\t\t\t\t<div class=\"elementor-container elementor-column-gap-default\">\n\t\t\t\t\t\t\t<div class=\"elementor-row\">\n\t\t\t\t\t<div class=\"elementor-column elementor-col-100 elementor-top-column elementor-element elementor-element-3da8099\" data-id=\"3da8099\" data-element_type=\"column\">\n\t\t\t<div class=\"elementor-column-wrap elementor-element-populated\">\n\t\t\t\t\t\t\t<div class=\"elementor-widget-wrap\">\n\t\t\t\t\t\t<div class=\"elementor-element elementor-element-fc710c6 elementor-widget elementor-widget-text-editor\" data-id=\"fc710c6\" data-element_type=\"widget\" data-widget_type=\"text-editor.default\">\n\t\t\t\t<div class=\"elementor-widget-container\">\n\t\t\t\t\t\t\t\t<div class=\"elementor-text-editor elementor-clearfix\">\n\t\t\t\t<p style=\"margin-bottom: 20px; color: #4f5d79; font-family: Manrope, sans-serif; font-size: 18px; font-weight: 600;\">La p\u00e1gina web y las presentes condiciones generales son publicadas por :<br>TRUFFIS, con domicilio social en BP1867 PUNAAUIA CENTRE en TAHITI POLYNESIA,<br>inscrita en el R.C.S. de Papeete con el n\u00famero 12 1141 A,<br>\u200d<br>N\u00famero tahitiano NT439786 SIRET (CIF) Polinesia,<br>n\u00famero de tel\u00e9fono: 00689 89 51 20 45 ,<br>Correo electr\u00f3nico : contact@truffis.com<\/p><div style=\"margin-bottom: 20px; color: #4f5d79; font-family: Manrope, sans-serif; font-size: 18px; font-weight: 600;\"><span style=\"color: #1d3346;\">Director de la publicaci\u00f3n<\/span><\/div><p style=\"margin-bottom: 20px; color: #4f5d79; font-family: Manrope, sans-serif; font-size: 18px; font-weight: 600;\">La directora de la publicaci\u00f3n del sitio web es Oc\u00e9ane Martin<\/p><div style=\"margin-bottom: 20px; color: #4f5d79; font-family: Manrope, sans-serif; font-size: 18px; font-weight: 600;\"><span style=\"color: #1d3346;\">Proveedor del sitio web<br><\/span><\/div><p style=\"margin-bottom: 20px; color: #4f5d79; font-family: Manrope, sans-serif; font-size: 18px; font-weight: 600;\">El Sitio est\u00e1 gestionado por Hostinger.<\/p>\t\t\t\t\t<\/div>\n\t\t\t\t\t\t<\/div>\n\t\t\t\t<\/div>\n\t\t\t\t\t\t<\/div>\n\t\t\t\t\t<\/div>\n\t\t<\/div>\n\t\t\t\t\t\t\t\t<\/div>\n\t\t\t\t\t<\/div>\n\t\t<\/section>\n\t\t\t\t\t\t\t\t\t<\/div>\n\t\t\t<\/div>\n\t\t\t\t\t<\/div>\n\t\t","protected":false},"excerpt":{"rendered":"<p>Notificaciones Legales La p\u00e1gina web y las presentes condiciones generales son publicadas por :TRUFFIS, con domicilio social en BP1867 PUNAAUIA CENTRE en TAHITI POLYNESIA,inscrita en el R.C.S. de Papeete con el n\u00famero 12 1141 A,\u200dN\u00famero tahitiano NT439786 SIRET (CIF) Polinesia,n\u00famero de tel\u00e9fono: 00689 89 51 20 45 ,Correo electr\u00f3nico : contact@truffis.com Director de la publicaci\u00f3n [&hellip;]<\/p>\n","protected":false},"author":1,"featured_media":0,"parent":0,"menu_order":0,"comment_status":"closed","ping_status":"closed","template":"","meta":{"footnotes":""},"yoast_head":"<!-- This site is optimized with the Yoast SEO plugin v21.3 - https:\/\/yoast.com\/wordpress\/plugins\/seo\/ -->\n<title>Notificaciones Legales - Truffis<\/title>\n<meta name=\"robots\" content=\"index, follow, max-snippet:-1, max-image-preview:large, max-video-preview:-1\" \/>\n<link rel=\"canonical\" href=\"https:\/\/truffis.com\/es\/notificaciones-legales\/\" \/>\n<meta property=\"og:locale\" content=\"es_ES\" \/>\n<meta property=\"og:type\" content=\"article\" \/>\n<meta property=\"og:title\" content=\"Notificaciones Legales - Truffis\" \/>\n<meta property=\"og:description\" content=\"Notificaciones Legales La p\u00e1gina web y las presentes condiciones generales son publicadas por :TRUFFIS, con domicilio social en BP1867 PUNAAUIA CENTRE en TAHITI POLYNESIA,inscrita en el R.C.S. de Papeete con el n\u00famero 12 1141 A,\u200dN\u00famero tahitiano NT439786 SIRET (CIF) Polinesia,n\u00famero de tel\u00e9fono: 00689 89 51 20 45 ,Correo electr\u00f3nico : contact@truffis.com Director de la publicaci\u00f3n [&hellip;]\" \/>\n<meta property=\"og:url\" content=\"https:\/\/truffis.com\/es\/notificaciones-legales\/\" \/>\n<meta property=\"og:site_name\" content=\"Truffis\" \/>\n<meta property=\"article:modified_time\" content=\"2022-05-26T18:07:19+00:00\" \/>\n<meta name=\"twitter:card\" content=\"summary_large_image\" \/>\n<script type=\"application\/ld+json\" class=\"yoast-schema-graph\">{\"@context\":\"https:\/\/schema.org\",\"@graph\":[{\"@type\":\"WebPage\",\"@id\":\"https:\/\/truffis.com\/es\/notificaciones-legales\/\",\"url\":\"https:\/\/truffis.com\/es\/notificaciones-legales\/\",\"name\":\"Notificaciones Legales - Truffis\",\"isPartOf\":{\"@id\":\"https:\/\/truffis.com\/es\/#website\"},\"datePublished\":\"2022-04-27T16:08:47+00:00\",\"dateModified\":\"2022-05-26T18:07:19+00:00\",\"breadcrumb\":{\"@id\":\"https:\/\/truffis.com\/es\/notificaciones-legales\/#breadcrumb\"},\"inLanguage\":\"es\",\"potentialAction\":[{\"@type\":\"ReadAction\",\"target\":[\"https:\/\/truffis.com\/es\/notificaciones-legales\/\"]}]},{\"@type\":\"BreadcrumbList\",\"@id\":\"https:\/\/truffis.com\/es\/notificaciones-legales\/#breadcrumb\",\"itemListElement\":[{\"@type\":\"ListItem\",\"position\":1,\"name\":\"Accueil\",\"item\":\"https:\/\/truffis.com\/es\/inicio\/\"},{\"@type\":\"ListItem\",\"position\":2,\"name\":\"Notificaciones Legales\"}]},{\"@type\":\"WebSite\",\"@id\":\"https:\/\/truffis.com\/es\/#website\",\"url\":\"https:\/\/truffis.com\/es\/\",\"name\":\"Truffis\",\"description\":\"Investir dans la truffe blanche\",\"publisher\":{\"@id\":\"https:\/\/truffis.com\/es\/#organization\"},\"potentialAction\":[{\"@type\":\"SearchAction\",\"target\":{\"@type\":\"EntryPoint\",\"urlTemplate\":\"https:\/\/truffis.com\/es\/?s={search_term_string}\"},\"query-input\":\"required name=search_term_string\"}],\"inLanguage\":\"es\"},{\"@type\":\"Organization\",\"@id\":\"https:\/\/truffis.com\/es\/#organization\",\"name\":\"Truffis\",\"url\":\"https:\/\/truffis.com\/es\/\",\"logo\":{\"@type\":\"ImageObject\",\"inLanguage\":\"es\",\"@id\":\"https:\/\/truffis.com\/es\/#\/schema\/logo\/image\/\",\"url\":\"https:\/\/truffis.com\/wp-content\/uploads\/2022\/05\/52D9E7A6-E6A2-4C00-9E41-42AC4B9C84BA.png\",\"contentUrl\":\"https:\/\/truffis.com\/wp-content\/uploads\/2022\/05\/52D9E7A6-E6A2-4C00-9E41-42AC4B9C84BA.png\",\"width\":1507,\"height\":1475,\"caption\":\"Truffis\"},\"image\":{\"@id\":\"https:\/\/truffis.com\/es\/#\/schema\/logo\/image\/\"}}]}<\/script>\n<!-- \/ Yoast SEO plugin. -->","yoast_head_json":{"title":"Notificaciones Legales - Truffis","robots":{"index":"index","follow":"follow","max-snippet":"max-snippet:-1","max-image-preview":"max-image-preview:large","max-video-preview":"max-video-preview:-1"},"canonical":"https:\/\/truffis.com\/es\/notificaciones-legales\/","og_locale":"es_ES","og_type":"article","og_title":"Notificaciones Legales - Truffis","og_description":"Notificaciones Legales La p\u00e1gina web y las presentes condiciones generales son publicadas por :TRUFFIS, con domicilio social en BP1867 PUNAAUIA CENTRE en TAHITI POLYNESIA,inscrita en el R.C.S. de Papeete con el n\u00famero 12 1141 A,\u200dN\u00famero tahitiano NT439786 SIRET (CIF) Polinesia,n\u00famero de tel\u00e9fono: 00689 89 51 20 45 ,Correo electr\u00f3nico : contact@truffis.com Director de la publicaci\u00f3n [&hellip;]","og_url":"https:\/\/truffis.com\/es\/notificaciones-legales\/","og_site_name":"Truffis","article_modified_time":"2022-05-26T18:07:19+00:00","twitter_card":"summary_large_image","schema":{"@context":"https:\/\/schema.org","@graph":[{"@type":"WebPage","@id":"https:\/\/truffis.com\/es\/notificaciones-legales\/","url":"https:\/\/truffis.com\/es\/notificaciones-legales\/","name":"Notificaciones Legales - Truffis","isPartOf":{"@id":"https:\/\/truffis.com\/es\/#website"},"datePublished":"2022-04-27T16:08:47+00:00","dateModified":"2022-05-26T18:07:19+00:00","breadcrumb":{"@id":"https:\/\/truffis.com\/es\/notificaciones-legales\/#breadcrumb"},"inLanguage":"es","potentialAction":[{"@type":"ReadAction","target":["https:\/\/truffis.com\/es\/notificaciones-legales\/"]}]},{"@type":"BreadcrumbList","@id":"https:\/\/truffis.com\/es\/notificaciones-legales\/#breadcrumb","itemListElement":[{"@type":"ListItem","position":1,"name":"Accueil","item":"https:\/\/truffis.com\/es\/inicio\/"},{"@type":"ListItem","position":2,"name":"Notificaciones Legales"}]},{"@type":"WebSite","@id":"https:\/\/truffis.com\/es\/#website","url":"https:\/\/truffis.com\/es\/","name":"Truffis","description":"Investir dans la truffe blanche","publisher":{"@id":"https:\/\/truffis.com\/es\/#organization"},"potentialAction":[{"@type":"SearchAction","target":{"@type":"EntryPoint","urlTemplate":"https:\/\/truffis.com\/es\/?s={search_term_string}"},"query-input":"required name=search_term_string"}],"inLanguage":"es"},{"@type":"Organization","@id":"https:\/\/truffis.com\/es\/#organization","name":"Truffis","url":"https:\/\/truffis.com\/es\/","logo":{"@type":"ImageObject","inLanguage":"es","@id":"https:\/\/truffis.com\/es\/#\/schema\/logo\/image\/","url":"https:\/\/truffis.com\/wp-content\/uploads\/2022\/05\/52D9E7A6-E6A2-4C00-9E41-42AC4B9C84BA.png","contentUrl":"https:\/\/truffis.com\/wp-content\/uploads\/2022\/05\/52D9E7A6-E6A2-4C00-9E41-42AC4B9C84BA.png","width":1507,"height":1475,"caption":"Truffis"},"image":{"@id":"https:\/\/truffis.com\/es\/#\/schema\/logo\/image\/"}}]}},"_links":{"self":[{"href":"https:\/\/truffis.com\/es\/wp-json\/wp\/v2\/pages\/3345"}],"collection":[{"href":"https:\/\/truffis.com\/es\/wp-json\/wp\/v2\/pages"}],"about":[{"href":"https:\/\/truffis.com\/es\/wp-json\/wp\/v2\/types\/page"}],"author":[{"embeddable":true,"href":"https:\/\/truffis.com\/es\/wp-json\/wp\/v2\/users\/1"}],"replies":[{"embeddable":true,"href":"https:\/\/truffis.com\/es\/wp-json\/wp\/v2\/comments?post=3345"}],"version-history":[{"count":1,"href":"https:\/\/truffis.com\/es\/wp-json\/wp\/v2\/pages\/3345\/revisions"}],"predecessor-version":[{"id":3346,"href":"https:\/\/truffis.com\/es\/wp-json\/wp\/v2\/pages\/3345\/revisions\/3346"}],"wp:attachment":[{"href":"https:\/\/truffis.com\/es\/wp-json\/wp\/v2\/media?parent=3345"}],"curies":[{"name":"wp","href":"https:\/\/api.w.org\/{rel}","templated":true}]}}