{"id":3759,"date":"2021-05-02T06:36:29","date_gmt":"2021-05-02T04:36:29","guid":{"rendered":"https:\/\/truffis.com\/%d0%b1%d0%bb%d0%be%d0%b3\/"},"modified":"2022-12-01T16:09:03","modified_gmt":"2022-12-01T15:09:03","slug":"%d0%b1%d0%bb%d0%be%d0%b3","status":"publish","type":"page","link":"https:\/\/truffis.com\/ru\/%d0%b1%d0%bb%d0%be%d0%b3\/","title":{"rendered":"\u0411\u043b\u043e\u0433"},"content":{"rendered":"\t\t<div data-elementor-type=\"wp-page\" data-elementor-id=\"3759\" class=\"elementor elementor-3759\">\n\t\t\t\t\t\t<div class=\"elementor-inner\">\n\t\t\t\t<div class=\"elementor-section-wrap\">\n\t\t\t\t\t\t\t\t\t<section class=\"elementor-section elementor-top-section elementor-element elementor-element-143a5cf elementor-section-boxed elementor-section-height-default elementor-section-height-default\" data-id=\"143a5cf\" data-element_type=\"section\" data-settings=\"{&quot;background_background&quot;:&quot;classic&quot;}\">\n\t\t\t\t\t\t<div class=\"elementor-container elementor-column-gap-default\">\n\t\t\t\t\t\t\t<div class=\"elementor-row\">\n\t\t\t\t\t<div class=\"elementor-column elementor-col-100 elementor-top-column elementor-element elementor-element-815636d\" data-id=\"815636d\" data-element_type=\"column\">\n\t\t\t<div class=\"elementor-column-wrap elementor-element-populated\">\n\t\t\t\t\t\t\t<div class=\"elementor-widget-wrap\">\n\t\t\t\t\t\t<div class=\"elementor-element elementor-element-e46e19d elementor-widget elementor-widget-text-editor\" data-id=\"e46e19d\" data-element_type=\"widget\" data-widget_type=\"text-editor.default\">\n\t\t\t\t<div class=\"elementor-widget-container\">\n\t\t\t\t\t\t\t\t<div class=\"elementor-text-editor elementor-clearfix\">\n\t\t\t\t<p style=\"text-align: center;\">\u041d\u0430\u0448 \u0431\u043b\u043e\u0433<\/p>\n\t\t\t\t\t<\/div>\n\t\t\t\t\t\t<\/div>\n\t\t\t\t<\/div>\n\t\t\t\t\t\t<\/div>\n\t\t\t\t\t<\/div>\n\t\t<\/div>\n\t\t\t\t\t\t\t\t<\/div>\n\t\t\t\t\t<\/div>\n\t\t<\/section>\n\t\t\t\t<section class=\"elementor-section elementor-top-section elementor-element elementor-element-e4cfb05 elementor-section-boxed elementor-section-height-default elementor-section-height-default\" data-id=\"e4cfb05\" data-element_type=\"section\" data-settings=\"{&quot;background_background&quot;:&quot;classic&quot;}\">\n\t\t\t\t\t\t<div class=\"elementor-container elementor-column-gap-default\">\n\t\t\t\t\t\t\t<div class=\"elementor-row\">\n\t\t\t\t\t<div class=\"elementor-column elementor-col-100 elementor-top-column elementor-element elementor-element-899eef0\" data-id=\"899eef0\" data-element_type=\"column\">\n\t\t\t<div class=\"elementor-column-wrap elementor-element-populated\">\n\t\t\t\t\t\t\t<div class=\"elementor-widget-wrap\">\n\t\t\t\t\t\t<div class=\"elementor-element elementor-element-2ffb62f elementor-widget elementor-widget-tp-blog-listout\" data-id=\"2ffb62f\" data-element_type=\"widget\" data-widget_type=\"tp-blog-listout.default\">\n\t\t\t\t<div class=\"elementor-widget-container\">\n\t\t\t<div id=\"pt-plus-blog-post-list\" class=\"blog-list post69d77b847ff1c  list-isotope-metro  blog-style-1 hover-image-style-1  \"  data-layout-type=\"metro\"  data-metro-columns=\"3\"  data-metro-style=\"style-1\"  data-tablet-metro-columns=\"3\"  data-tablet-metro-style=\"style-1\"   data-id=\"post69d77b847ff1c\" data-style=\"style-1\"  data-enable-isotope=\"1\"><div id=\"post69d77b847ff1c\" class=\"tp-row post-inner-loop post69d77b847ff1c   \"><div class=\"grid-item metro-item1 tb-metro-item1     \"><article id=\"post-3868\" class=\"post-3868 post type-post status-publish format-standard has-post-thumbnail hentry category-81\">\n\t<div class=\"blog-list-content\">\n\t\t\t\t<div class=\"post-content-bottom\">\n\t\t\t\t\t\t<h3 class=\"post-title\">\r\n\t<a href=\"https:\/\/truffis.com\/ru\/%d0%ba%d0%b0%d0%ba-%d0%b8%d0%bd%d0%b2%d0%b5%d1%81%d1%82%d0%b8%d1%80%d0%be%d0%b2%d0%b0%d1%82%d1%8c-%d1%81-truffis\/\" class=\"normal\">\u041a\u0430\u043a \u0438\u043d\u0432\u0435\u0441\u0442\u0438\u0440\u043e\u0432\u0430\u0442\u044c \u0441 Truffis<\/a>\r\n<\/h3>\t\t\t<div class=\"post-hover-content\">\n\t\t\t\t<div class=\"entry-content\">\r\n\t<p>\u041a\u0430\u043a \u0438\u043d\u0432\u0435\u0441\u0442\u0438\u0440\u043e\u0432\u0430\u0442\u044c \u0441 Truffis Pr\u00e9c\u00e9dent Suivant \u0420\u0435\u0437\u044e\u043c\u0435 1 &#8212; \u0418\u043d\u0432\u0435\u0441\u0442\u0438\u0440\u043e\u0432\u0430\u043d\u0438\u0435 \u0435\u0449\u0435 \u043d\u0438\u043a\u043e\u0433\u0434\u0430 \u043d\u0435 \u0431\u044b\u043b\u043e \u0442\u0430\u043a\u0438\u043c \u043f\u0440\u043e\u0441\u0442\u044b\u043c \u0438 \u0434\u043e\u0441\u0442\u0443\u043f\u043d\u044b\u043c 2 &#8212; \u0421 Truffis \u0443 \u0432\u0430\u0441 225% \u043f\u0440\u0438\u0431\u044b\u043b\u044c\u043d\u043e\u0441\u0442\u0438 3 &#8212; \u0412\u0438\u0434\u044b...<\/p>\r\n<\/div>\t\t\t<\/div>\n\t\t<\/div>\n\t\t\t\t<a href=\"https:\/\/truffis.com\/ru\/%d0%ba%d0%b0%d0%ba-%d0%b8%d0%bd%d0%b2%d0%b5%d1%81%d1%82%d0%b8%d1%80%d0%be%d0%b2%d0%b0%d1%82%d1%8c-%d1%81-truffis\/\"><div class=\"blog-bg-image-metro \" style=\"background:url(https:\/\/truffis.com\/wp-content\/uploads\/2022\/05\/74D54114-6382-4884-8111-C29A14B93BEF.jpeg) #f7f7f7;\"><\/div><\/a>\n\t\t\t<\/div>\n<\/article><\/div><div class=\"grid-item metro-item2 tb-metro-item2     \"><article id=\"post-3872\" class=\"post-3872 post type-post status-publish format-standard has-post-thumbnail hentry category-95 category-96\">\n\t<div class=\"blog-list-content\">\n\t\t\t\t<div class=\"post-content-bottom\">\n\t\t\t\t\t\t<h3 class=\"post-title\">\r\n\t<a href=\"https:\/\/truffis.com\/ru\/%d0%b1%d0%b5%d0%bb%d1%8b%d0%b9-%d1%82%d1%80%d1%8e%d1%84%d0%b5%d0%bb%d1%8c-%d0%b2-%d0%b3%d0%b0%d1%81%d1%82%d1%80%d0%be%d0%bd%d0%be%d0%bc%d0%b8%d0%b8\/\" class=\"normal\">\u0411\u0435\u043b\u044b\u0439 \u0442\u0440\u044e\u0444\u0435\u043b\u044c \u0432 \u0433\u0430\u0441\u0442\u0440\u043e\u043d\u043e\u043c\u0438\u0438<\/a>\r\n<\/h3>\t\t\t<div class=\"post-hover-content\">\n\t\t\t\t<div class=\"entry-content\">\r\n\t<p>\u0411\u0435\u043b\u044b\u0439 \u0442\u0440\u044e\u0444\u0435\u043b\u044c \u0432 \u0433\u0430\u0441\u0442\u0440\u043e\u043d\u043e\u043c\u0438\u0438 Pr\u00e9c\u00e9dent Suivant \u0411\u0435\u043b\u044b\u0439 \u0442\u0440\u044e\u0444\u0435\u043b\u044c \u043d\u0430 \u043a\u0443\u0445\u043d\u0435 \u0412\u043b\u0430\u0434\u0435\u043b\u044c\u0446\u044b \u0440\u0435\u0441\u0442\u043e\u0440\u0430\u043d\u043e\u0432 \u0438\u0441\u043f\u044b\u0442\u044b\u0432\u0430\u044e\u0442 \u0442\u0440\u0443\u0434\u043d\u043e\u0441\u0442\u0438 \u0441 \u043f\u043e\u043b\u0443\u0447\u0435\u043d\u0438\u0435\u043c \u043a\u0430\u0447\u0435\u0441\u0442\u0432\u0435\u043d\u043d\u044b\u0445 \u0442\u0440\u044e\u0444\u0435\u043b\u0435\u0439. \u0421 Truffis \u0448\u0435\u0444-\u043f\u043e\u0432\u0430\u0440\u0430 \u0441\u043c\u043e\u0433\u0443\u0442 \u0438\u043d\u0432\u0435\u0441\u0442\u0438\u0440\u043e\u0432\u0430\u0442\u044c \u0432 \u0441\u0432\u043e\u0438 \u0441\u043e\u0431\u0441\u0442\u0432\u0435\u043d\u043d\u044b\u0435 \u0442\u0440\u044e\u0444\u0435\u043b\u044c\u043d\u044b\u0435 \u0434\u0435\u0440\u0435\u0432\u044c\u044f \u0438...<\/p>\r\n<\/div>\t\t\t<\/div>\n\t\t<\/div>\n\t\t\t\t<a href=\"https:\/\/truffis.com\/ru\/%d0%b1%d0%b5%d0%bb%d1%8b%d0%b9-%d1%82%d1%80%d1%8e%d1%84%d0%b5%d0%bb%d1%8c-%d0%b2-%d0%b3%d0%b0%d1%81%d1%82%d1%80%d0%be%d0%bd%d0%be%d0%bc%d0%b8%d0%b8\/\"><div class=\"blog-bg-image-metro \" style=\"background:url(https:\/\/truffis.com\/wp-content\/uploads\/2022\/05\/Truffe-cadeau.jpg) #f7f7f7;\"><\/div><\/a>\n\t\t\t<\/div>\n<\/article><\/div><div class=\"grid-item metro-item3 tb-metro-item3     \"><article id=\"post-3876\" class=\"post-3876 post type-post status-publish format-standard has-post-thumbnail hentry category-81 category-95 category-98\">\n\t<div class=\"blog-list-content\">\n\t\t\t\t<div class=\"post-content-bottom\">\n\t\t\t\t\t\t<h3 class=\"post-title\">\r\n\t<a href=\"https:\/\/truffis.com\/ru\/%d1%81%d0%b4%d0%b5%d0%bb%d0%b0%d0%b9%d1%82%d0%b5-%d1%81%d1%82%d0%b0%d0%b2%d0%ba%d1%83-%d0%bd%d0%b0-%d1%82%d1%80%d1%8e%d1%84%d0%b5%d0%bb%d0%b8-%d0%b2%d1%8b%d1%81%d1%88%d0%b5%d0%b3%d0%be-%d0%ba%d0%b0\/\" class=\"normal\">\u0421\u0434\u0435\u043b\u0430\u0439\u0442\u0435 \u0441\u0442\u0430\u0432\u043a\u0443 \u043d\u0430 \u0442\u0440\u044e\u0444\u0435\u043b\u0438 \u0432\u044b\u0441\u0448\u0435\u0433\u043e \u043a\u0430\u0447\u0435\u0441\u0442\u0432\u0430 \u0441 9-\u043b\u0435\u0442\u043d\u0435\u0439 \u0443\u0440\u043e\u0436\u0430\u0439\u043d\u043e\u0441\u0442\u044c\u044e 225%<\/a>\r\n<\/h3>\t\t\t<div class=\"post-hover-content\">\n\t\t\t\t<div class=\"entry-content\">\r\n\t<p>\u0421\u0434\u0435\u043b\u0430\u0439\u0442\u0435 \u0441\u0442\u0430\u0432\u043a\u0443 \u043d\u0430 \u0442\u0440\u044e\u0444\u0435\u043b\u0438 \u0432\u044b\u0441\u0448\u0435\u0433\u043e \u043a\u0430\u0447\u0435\u0441\u0442\u0432\u0430 \u0441 9-\u043b\u0435\u0442\u043d\u0435\u0439 \u0443\u0440\u043e\u0436\u0430\u0439\u043d\u043e\u0441\u0442\u044c\u044e 225% Pr\u00e9c\u00e9dent Suivant \u0420\u0435\u0437\u044e\u043c\u0435 1 &#8212; \u0412\u0432\u0435\u0434\u0435\u043d\u0438\u0435 2 &#8212; \u0413\u043b\u043e\u0431\u0430\u043b\u044c\u043d\u044b\u0439 \u043f\u043e\u0434\u0445\u043e\u0434 \u0412\u0432\u0435\u0434\u0435\u043d\u0438\u0435 \u0411\u0435\u043b\u044b\u0439 \u0442\u0440\u044e\u0444\u0435\u043b\u044c \u2014 \u044d\u0442\u043e \u0440\u0435\u0437\u0443\u043b\u044c\u0442\u0430\u0442 \u0440\u043e\u0441\u0442\u0430 \u0440\u0430\u0441\u0442\u0435\u043d\u0438\u044f \u043f\u043e\u0434...<\/p>\r\n<\/div>\t\t\t<\/div>\n\t\t<\/div>\n\t\t\t\t<a href=\"https:\/\/truffis.com\/ru\/%d1%81%d0%b4%d0%b5%d0%bb%d0%b0%d0%b9%d1%82%d0%b5-%d1%81%d1%82%d0%b0%d0%b2%d0%ba%d1%83-%d0%bd%d0%b0-%d1%82%d1%80%d1%8e%d1%84%d0%b5%d0%bb%d0%b8-%d0%b2%d1%8b%d1%81%d1%88%d0%b5%d0%b3%d0%be-%d0%ba%d0%b0\/\"><div class=\"blog-bg-image-metro \" style=\"background:url(https:\/\/truffis.com\/wp-content\/uploads\/2022\/05\/Truffe-traditionnelle-.jpg) #f7f7f7;\"><\/div><\/a>\n\t\t\t<\/div>\n<\/article><\/div><div class=\"grid-item metro-item4 tb-metro-item4     \"><article id=\"post-3878\" class=\"post-3878 post type-post status-publish format-standard has-post-thumbnail hentry category-81 category-95 category-98\">\n\t<div class=\"blog-list-content\">\n\t\t\t\t<div class=\"post-content-bottom\">\n\t\t\t\t\t\t<h3 class=\"post-title\">\r\n\t<a href=\"https:\/\/truffis.com\/ru\/%d0%bf%d1%80%d0%b5%d0%b2%d1%80%d0%b0%d1%82%d0%b8%d1%82%d0%b5-%d1%81%d0%b2%d0%be%d0%b8-%d1%82%d1%80%d1%8e%d1%84%d0%b5%d0%bb%d0%b8-%d0%b2-%d0%b7%d0%be%d0%bb%d0%be%d1%82%d0%be\/\" class=\"normal\">\u041f\u0440\u0435\u0432\u0440\u0430\u0442\u0438\u0442\u0435 \u0441\u0432\u043e\u0438 \u0442\u0440\u044e\u0444\u0435\u043b\u0438 \u0432 \u0437\u043e\u043b\u043e\u0442\u043e<\/a>\r\n<\/h3>\t\t\t<div class=\"post-hover-content\">\n\t\t\t\t<div class=\"entry-content\">\r\n\t<p>\u041f\u0440\u0435\u0432\u0440\u0430\u0442\u0438\u0442\u0435 \u0441\u0432\u043e\u0438 \u0442\u0440\u044e\u0444\u0435\u043b\u0438 \u0432 \u0437\u043e\u043b\u043e\u0442\u043e Pr\u00e9c\u00e9dent Suivant \u0420\u0435\u0437\u044e\u043c\u0435 1 &#8212; \u0422\u0440\u044e\u0444\u0435\u043b\u044c, \u043f\u0440\u0435\u0434\u043c\u0435\u0442 \u0440\u0430\u0437\u0433\u043e\u0432\u043e\u0440\u0430 2 &#8212; \u041f\u043e\u0447\u0435\u043c\u0443 \u044d\u0442\u043e \u043f\u0440\u0435\u0441\u0442\u0438\u0436\u043d\u044b\u0439 \u043f\u0440\u043e\u0434\u0443\u043a\u0442? 3 &#8212; \u0418\u043d\u0432\u0435\u0441\u0442\u0438\u0440\u043e\u0432\u0430\u0442\u044c \u0432 \u0431\u0435\u043b\u044b\u0435 \u0442\u0440\u044e\u0444\u0435\u043b\u0438? \u0422\u0440\u044e\u0444\u0435\u043b\u044c, \u043f\u0440\u0435\u0434\u043c\u0435\u0442 \u0440\u0430\u0437\u0433\u043e\u0432\u043e\u0440\u0430 \u0411\u0435\u043b\u044b\u0439...<\/p>\r\n<\/div>\t\t\t<\/div>\n\t\t<\/div>\n\t\t\t\t<a href=\"https:\/\/truffis.com\/ru\/%d0%bf%d1%80%d0%b5%d0%b2%d1%80%d0%b0%d1%82%d0%b8%d1%82%d0%b5-%d1%81%d0%b2%d0%be%d0%b8-%d1%82%d1%80%d1%8e%d1%84%d0%b5%d0%bb%d0%b8-%d0%b2-%d0%b7%d0%be%d0%bb%d0%be%d1%82%d0%be\/\"><div class=\"blog-bg-image-metro \" style=\"background:url(https:\/\/truffis.com\/wp-content\/uploads\/2022\/05\/Premiere-qualite-truffes-1-2.jpg) #f7f7f7;\"><\/div><\/a>\n\t\t\t<\/div>\n<\/article><\/div><\/div><\/div>\t\t<\/div>\n\t\t\t\t<\/div>\n\t\t\t\t\t\t<\/div>\n\t\t\t\t\t<\/div>\n\t\t<\/div>\n\t\t\t\t\t\t\t\t<\/div>\n\t\t\t\t\t<\/div>\n\t\t<\/section>\n\t\t\t\t\t\t\t\t\t<\/div>\n\t\t\t<\/div>\n\t\t\t\t\t<\/div>\n\t\t","protected":false},"excerpt":{"rendered":"<p>\u041d\u0430\u0448 \u0431\u043b\u043e\u0433 Comment investir avec Truffis Comment investir avec Truffis Pr\u00e9c\u00e9dent Suivant Sommaire 1 &#8212;\u00a0Investir n\u2019a jamais \u00e9t\u00e9 aussi facile et accessible 2 &#8212; Avec Truffis vous avez 225% de rentabilit\u00e9 3 &#8212; Les types&#8230; La Truffe Blanche au sein de la gastronomie Truffe Blanche au sein de la gastronomie Pr\u00e9c\u00e9dent Suivant La truffe blanche [&hellip;]<\/p>\n","protected":false},"author":1,"featured_media":0,"parent":0,"menu_order":0,"comment_status":"closed","ping_status":"closed","template":"","meta":{"footnotes":""},"yoast_head":"<!-- This site is optimized with the Yoast SEO plugin v21.3 - https:\/\/yoast.com\/wordpress\/plugins\/seo\/ -->\n<title>\u0411\u043b\u043e\u0433 - Truffis<\/title>\n<meta name=\"description\" content=\"\u0421\u0442\u0430\u0442\u044c\u0438 \u0442\u0430\u043c, \u0447\u0442\u043e\u0431\u044b \u0434\u0435\u0440\u0436\u0430\u0442\u044c \u0432\u0430\u0441 \u0432 \u043a\u0443\u0440\u0441\u0435 \u043d\u043e\u0432\u043e\u0441\u0442\u0435\u0439 \u043a\u043e\u043c\u043f\u0430\u043d\u0438\u0438, \u0441\u043e\u0432\u0435\u0442\u044b \u043f\u043e \u0443\u043f\u0440\u0430\u0432\u043b\u0435\u043d\u0438\u044e \u0432\u0430\u0448\u0438\u043c\u0438 \u0438\u043d\u0432\u0435\u0441\u0442\u0438\u0446\u0438\u044f\u043c\u0438, \u043d\u0430\u0441\u043a\u043e\u043b\u044c\u043a\u043e \u044d\u0442\u043e \u0432\u043e\u0437\u043c\u043e\u0436\u043d\u043e.\" \/>\n<meta name=\"robots\" content=\"index, follow, max-snippet:-1, max-image-preview:large, max-video-preview:-1\" \/>\n<link rel=\"canonical\" href=\"https:\/\/truffis.com\/ru\/%d0%b1%d0%bb%d0%be%d0%b3\/\" \/>\n<meta property=\"og:locale\" content=\"ru_RU\" \/>\n<meta property=\"og:type\" content=\"article\" \/>\n<meta property=\"og:title\" content=\"\u0411\u043b\u043e\u0433 - Truffis\" \/>\n<meta property=\"og:description\" content=\"\u0421\u0442\u0430\u0442\u044c\u0438 \u0442\u0430\u043c, \u0447\u0442\u043e\u0431\u044b \u0434\u0435\u0440\u0436\u0430\u0442\u044c \u0432\u0430\u0441 \u0432 \u043a\u0443\u0440\u0441\u0435 \u043d\u043e\u0432\u043e\u0441\u0442\u0435\u0439 \u043a\u043e\u043c\u043f\u0430\u043d\u0438\u0438, \u0441\u043e\u0432\u0435\u0442\u044b \u043f\u043e \u0443\u043f\u0440\u0430\u0432\u043b\u0435\u043d\u0438\u044e \u0432\u0430\u0448\u0438\u043c\u0438 \u0438\u043d\u0432\u0435\u0441\u0442\u0438\u0446\u0438\u044f\u043c\u0438, \u043d\u0430\u0441\u043a\u043e\u043b\u044c\u043a\u043e \u044d\u0442\u043e \u0432\u043e\u0437\u043c\u043e\u0436\u043d\u043e.\" \/>\n<meta property=\"og:url\" content=\"https:\/\/truffis.com\/ru\/%d0%b1%d0%bb%d0%be%d0%b3\/\" \/>\n<meta property=\"og:site_name\" content=\"Truffis\" \/>\n<meta property=\"article:modified_time\" content=\"2022-12-01T15:09:03+00:00\" \/>\n<meta name=\"twitter:card\" content=\"summary_large_image\" \/>\n<meta name=\"twitter:label1\" content=\"\u041f\u0440\u0438\u043c\u0435\u0440\u043d\u043e\u0435 \u0432\u0440\u0435\u043c\u044f \u0434\u043b\u044f \u0447\u0442\u0435\u043d\u0438\u044f\" \/>\n\t<meta name=\"twitter:data1\" content=\"1 \u043c\u0438\u043d\u0443\u0442\u0430\" \/>\n<script type=\"application\/ld+json\" class=\"yoast-schema-graph\">{\"@context\":\"https:\/\/schema.org\",\"@graph\":[{\"@type\":\"WebPage\",\"@id\":\"https:\/\/truffis.com\/ru\/%d0%b1%d0%bb%d0%be%d0%b3\/\",\"url\":\"https:\/\/truffis.com\/ru\/%d0%b1%d0%bb%d0%be%d0%b3\/\",\"name\":\"\u0411\u043b\u043e\u0433 - Truffis\",\"isPartOf\":{\"@id\":\"https:\/\/truffis.com\/ru\/#website\"},\"datePublished\":\"2021-05-02T04:36:29+00:00\",\"dateModified\":\"2022-12-01T15:09:03+00:00\",\"description\":\"\u0421\u0442\u0430\u0442\u044c\u0438 \u0442\u0430\u043c, \u0447\u0442\u043e\u0431\u044b \u0434\u0435\u0440\u0436\u0430\u0442\u044c \u0432\u0430\u0441 \u0432 \u043a\u0443\u0440\u0441\u0435 \u043d\u043e\u0432\u043e\u0441\u0442\u0435\u0439 \u043a\u043e\u043c\u043f\u0430\u043d\u0438\u0438, \u0441\u043e\u0432\u0435\u0442\u044b \u043f\u043e \u0443\u043f\u0440\u0430\u0432\u043b\u0435\u043d\u0438\u044e \u0432\u0430\u0448\u0438\u043c\u0438 \u0438\u043d\u0432\u0435\u0441\u0442\u0438\u0446\u0438\u044f\u043c\u0438, \u043d\u0430\u0441\u043a\u043e\u043b\u044c\u043a\u043e \u044d\u0442\u043e \u0432\u043e\u0437\u043c\u043e\u0436\u043d\u043e.\",\"breadcrumb\":{\"@id\":\"https:\/\/truffis.com\/ru\/%d0%b1%d0%bb%d0%be%d0%b3\/#breadcrumb\"},\"inLanguage\":\"ru-RU\",\"potentialAction\":[{\"@type\":\"ReadAction\",\"target\":[\"https:\/\/truffis.com\/ru\/%d0%b1%d0%bb%d0%be%d0%b3\/\"]}]},{\"@type\":\"BreadcrumbList\",\"@id\":\"https:\/\/truffis.com\/ru\/%d0%b1%d0%bb%d0%be%d0%b3\/#breadcrumb\",\"itemListElement\":[{\"@type\":\"ListItem\",\"position\":1,\"name\":\"Accueil\",\"item\":\"https:\/\/truffis.com\/ru\/%d0%b4%d0%be%d0%b1%d1%80%d0%be-%d0%bf%d0%be%d0%b6%d0%b0%d0%bb%d0%be%d0%b2%d0%b0%d1%82%d1%8c\/\"},{\"@type\":\"ListItem\",\"position\":2,\"name\":\"\u0411\u043b\u043e\u0433\"}]},{\"@type\":\"WebSite\",\"@id\":\"https:\/\/truffis.com\/ru\/#website\",\"url\":\"https:\/\/truffis.com\/ru\/\",\"name\":\"Truffis\",\"description\":\"Investir dans la truffe blanche\",\"publisher\":{\"@id\":\"https:\/\/truffis.com\/ru\/#organization\"},\"potentialAction\":[{\"@type\":\"SearchAction\",\"target\":{\"@type\":\"EntryPoint\",\"urlTemplate\":\"https:\/\/truffis.com\/ru\/?s={search_term_string}\"},\"query-input\":\"required name=search_term_string\"}],\"inLanguage\":\"ru-RU\"},{\"@type\":\"Organization\",\"@id\":\"https:\/\/truffis.com\/ru\/#organization\",\"name\":\"Truffis\",\"url\":\"https:\/\/truffis.com\/ru\/\",\"logo\":{\"@type\":\"ImageObject\",\"inLanguage\":\"ru-RU\",\"@id\":\"https:\/\/truffis.com\/ru\/#\/schema\/logo\/image\/\",\"url\":\"https:\/\/truffis.com\/wp-content\/uploads\/2022\/05\/52D9E7A6-E6A2-4C00-9E41-42AC4B9C84BA.png\",\"contentUrl\":\"https:\/\/truffis.com\/wp-content\/uploads\/2022\/05\/52D9E7A6-E6A2-4C00-9E41-42AC4B9C84BA.png\",\"width\":1507,\"height\":1475,\"caption\":\"Truffis\"},\"image\":{\"@id\":\"https:\/\/truffis.com\/ru\/#\/schema\/logo\/image\/\"}}]}<\/script>\n<!-- \/ Yoast SEO plugin. -->","yoast_head_json":{"title":"\u0411\u043b\u043e\u0433 - Truffis","description":"\u0421\u0442\u0430\u0442\u044c\u0438 \u0442\u0430\u043c, \u0447\u0442\u043e\u0431\u044b \u0434\u0435\u0440\u0436\u0430\u0442\u044c \u0432\u0430\u0441 \u0432 \u043a\u0443\u0440\u0441\u0435 \u043d\u043e\u0432\u043e\u0441\u0442\u0435\u0439 \u043a\u043e\u043c\u043f\u0430\u043d\u0438\u0438, \u0441\u043e\u0432\u0435\u0442\u044b \u043f\u043e \u0443\u043f\u0440\u0430\u0432\u043b\u0435\u043d\u0438\u044e \u0432\u0430\u0448\u0438\u043c\u0438 \u0438\u043d\u0432\u0435\u0441\u0442\u0438\u0446\u0438\u044f\u043c\u0438, \u043d\u0430\u0441\u043a\u043e\u043b\u044c\u043a\u043e \u044d\u0442\u043e \u0432\u043e\u0437\u043c\u043e\u0436\u043d\u043e.","robots":{"index":"index","follow":"follow","max-snippet":"max-snippet:-1","max-image-preview":"max-image-preview:large","max-video-preview":"max-video-preview:-1"},"canonical":"https:\/\/truffis.com\/ru\/%d0%b1%d0%bb%d0%be%d0%b3\/","og_locale":"ru_RU","og_type":"article","og_title":"\u0411\u043b\u043e\u0433 - Truffis","og_description":"\u0421\u0442\u0430\u0442\u044c\u0438 \u0442\u0430\u043c, \u0447\u0442\u043e\u0431\u044b \u0434\u0435\u0440\u0436\u0430\u0442\u044c \u0432\u0430\u0441 \u0432 \u043a\u0443\u0440\u0441\u0435 \u043d\u043e\u0432\u043e\u0441\u0442\u0435\u0439 \u043a\u043e\u043c\u043f\u0430\u043d\u0438\u0438, \u0441\u043e\u0432\u0435\u0442\u044b \u043f\u043e \u0443\u043f\u0440\u0430\u0432\u043b\u0435\u043d\u0438\u044e \u0432\u0430\u0448\u0438\u043c\u0438 \u0438\u043d\u0432\u0435\u0441\u0442\u0438\u0446\u0438\u044f\u043c\u0438, \u043d\u0430\u0441\u043a\u043e\u043b\u044c\u043a\u043e \u044d\u0442\u043e \u0432\u043e\u0437\u043c\u043e\u0436\u043d\u043e.","og_url":"https:\/\/truffis.com\/ru\/%d0%b1%d0%bb%d0%be%d0%b3\/","og_site_name":"Truffis","article_modified_time":"2022-12-01T15:09:03+00:00","twitter_card":"summary_large_image","twitter_misc":{"\u041f\u0440\u0438\u043c\u0435\u0440\u043d\u043e\u0435 \u0432\u0440\u0435\u043c\u044f \u0434\u043b\u044f \u0447\u0442\u0435\u043d\u0438\u044f":"1 \u043c\u0438\u043d\u0443\u0442\u0430"},"schema":{"@context":"https:\/\/schema.org","@graph":[{"@type":"WebPage","@id":"https:\/\/truffis.com\/ru\/%d0%b1%d0%bb%d0%be%d0%b3\/","url":"https:\/\/truffis.com\/ru\/%d0%b1%d0%bb%d0%be%d0%b3\/","name":"\u0411\u043b\u043e\u0433 - Truffis","isPartOf":{"@id":"https:\/\/truffis.com\/ru\/#website"},"datePublished":"2021-05-02T04:36:29+00:00","dateModified":"2022-12-01T15:09:03+00:00","description":"\u0421\u0442\u0430\u0442\u044c\u0438 \u0442\u0430\u043c, \u0447\u0442\u043e\u0431\u044b \u0434\u0435\u0440\u0436\u0430\u0442\u044c \u0432\u0430\u0441 \u0432 \u043a\u0443\u0440\u0441\u0435 \u043d\u043e\u0432\u043e\u0441\u0442\u0435\u0439 \u043a\u043e\u043c\u043f\u0430\u043d\u0438\u0438, \u0441\u043e\u0432\u0435\u0442\u044b \u043f\u043e \u0443\u043f\u0440\u0430\u0432\u043b\u0435\u043d\u0438\u044e \u0432\u0430\u0448\u0438\u043c\u0438 \u0438\u043d\u0432\u0435\u0441\u0442\u0438\u0446\u0438\u044f\u043c\u0438, \u043d\u0430\u0441\u043a\u043e\u043b\u044c\u043a\u043e \u044d\u0442\u043e \u0432\u043e\u0437\u043c\u043e\u0436\u043d\u043e.","breadcrumb":{"@id":"https:\/\/truffis.com\/ru\/%d0%b1%d0%bb%d0%be%d0%b3\/#breadcrumb"},"inLanguage":"ru-RU","potentialAction":[{"@type":"ReadAction","target":["https:\/\/truffis.com\/ru\/%d0%b1%d0%bb%d0%be%d0%b3\/"]}]},{"@type":"BreadcrumbList","@id":"https:\/\/truffis.com\/ru\/%d0%b1%d0%bb%d0%be%d0%b3\/#breadcrumb","itemListElement":[{"@type":"ListItem","position":1,"name":"Accueil","item":"https:\/\/truffis.com\/ru\/%d0%b4%d0%be%d0%b1%d1%80%d0%be-%d0%bf%d0%be%d0%b6%d0%b0%d0%bb%d0%be%d0%b2%d0%b0%d1%82%d1%8c\/"},{"@type":"ListItem","position":2,"name":"\u0411\u043b\u043e\u0433"}]},{"@type":"WebSite","@id":"https:\/\/truffis.com\/ru\/#website","url":"https:\/\/truffis.com\/ru\/","name":"Truffis","description":"Investir dans la truffe blanche","publisher":{"@id":"https:\/\/truffis.com\/ru\/#organization"},"potentialAction":[{"@type":"SearchAction","target":{"@type":"EntryPoint","urlTemplate":"https:\/\/truffis.com\/ru\/?s={search_term_string}"},"query-input":"required name=search_term_string"}],"inLanguage":"ru-RU"},{"@type":"Organization","@id":"https:\/\/truffis.com\/ru\/#organization","name":"Truffis","url":"https:\/\/truffis.com\/ru\/","logo":{"@type":"ImageObject","inLanguage":"ru-RU","@id":"https:\/\/truffis.com\/ru\/#\/schema\/logo\/image\/","url":"https:\/\/truffis.com\/wp-content\/uploads\/2022\/05\/52D9E7A6-E6A2-4C00-9E41-42AC4B9C84BA.png","contentUrl":"https:\/\/truffis.com\/wp-content\/uploads\/2022\/05\/52D9E7A6-E6A2-4C00-9E41-42AC4B9C84BA.png","width":1507,"height":1475,"caption":"Truffis"},"image":{"@id":"https:\/\/truffis.com\/ru\/#\/schema\/logo\/image\/"}}]}},"_links":{"self":[{"href":"https:\/\/truffis.com\/ru\/wp-json\/wp\/v2\/pages\/3759"}],"collection":[{"href":"https:\/\/truffis.com\/ru\/wp-json\/wp\/v2\/pages"}],"about":[{"href":"https:\/\/truffis.com\/ru\/wp-json\/wp\/v2\/types\/page"}],"author":[{"embeddable":true,"href":"https:\/\/truffis.com\/ru\/wp-json\/wp\/v2\/users\/1"}],"replies":[{"embeddable":true,"href":"https:\/\/truffis.com\/ru\/wp-json\/wp\/v2\/comments?post=3759"}],"version-history":[{"count":2,"href":"https:\/\/truffis.com\/ru\/wp-json\/wp\/v2\/pages\/3759\/revisions"}],"predecessor-version":[{"id":5431,"href":"https:\/\/truffis.com\/ru\/wp-json\/wp\/v2\/pages\/3759\/revisions\/5431"}],"wp:attachment":[{"href":"https:\/\/truffis.com\/ru\/wp-json\/wp\/v2\/media?parent=3759"}],"curies":[{"name":"wp","href":"https:\/\/api.w.org\/{rel}","templated":true}]}}